{"id":4804,"date":"2023-11-01T12:43:35","date_gmt":"2023-11-01T16:43:35","guid":{"rendered":"https:\/\/uanorte.edu.co\/web\/?page_id=4804"},"modified":"2023-11-02T19:02:46","modified_gmt":"2023-11-02T23:02:46","slug":"pqrsf","status":"publish","type":"page","link":"https:\/\/uanorte.edu.co\/web\/pqrsf\/","title":{"rendered":"PQRSF"},"content":{"rendered":"\t\t<div data-elementor-type=\"wp-page\" data-elementor-id=\"4804\" class=\"elementor elementor-4804\">\n\t\t\t\t<div class=\"elementor-element elementor-element-fb57caa e-flex e-con-boxed e-con e-parent\" data-id=\"fb57caa\" data-element_type=\"container\">\n\t\t\t\t\t<div class=\"e-con-inner\">\n\t\t\t\t<div class=\"elementor-element elementor-element-3ab51df elementor-widget elementor-widget-slider_revolution\" data-id=\"3ab51df\" data-element_type=\"widget\" data-widget_type=\"slider_revolution.default\">\n\t\t\t\t<div class=\"elementor-widget-container\">\n\t\t\t\n\t\t<div class=\"wp-block-themepunch-revslider\">\n\t\t\t<!-- START PQRSF REVOLUTION SLIDER 6.6.5 --><p class=\"rs-p-wp-fix\"><\/p>\n\t\t\t<rs-module-wrap id=\"rev_slider_9_1_wrapper\" data-source=\"gallery\" style=\"visibility:hidden;background:transparent;padding:0;margin:0px auto;margin-top:0;margin-bottom:0;\">\n\t\t\t\t<rs-module id=\"rev_slider_9_1\" style=\"\" data-version=\"6.6.5\">\n\t\t\t\t\t<rs-slides style=\"overflow: hidden; position: absolute;\">\n\t\t\t\t\t\t<rs-slide style=\"position: absolute;\" data-key=\"rs-19\" data-title=\"Slide\" data-in=\"o:0;\" data-out=\"a:false;\">\n\t\t\t\t\t\t\t<img fetchpriority=\"high\" decoding=\"async\" src=\"\/\/uanorte.edu.co\/web\/wp-content\/plugins\/revslider\/public\/assets\/assets\/dummy.png\" alt=\"\" title=\"IMG_0552\" width=\"2560\" height=\"1440\" class=\"rev-slidebg tp-rs-img rs-lazyload\" data-lazyload=\"\/\/uanorte.edu.co\/web\/wp-content\/uploads\/2023\/11\/IMG_0552-scaled.jpg\" data-no-retina>\n<!--\n\t\t\t\t\t\t\t--><rs-layer\n\t\t\t\t\t\t\t\tid=\"slider-9-slide-19-layer-6\" \n\t\t\t\t\t\t\t\tdata-type=\"shape\"\n\t\t\t\t\t\t\t\tdata-rsp_ch=\"on\"\n\t\t\t\t\t\t\t\tdata-xy=\"xo:-255px,-159px,-478px,-487px;yo:-57px,-14px,-19px,-14px;\"\n\t\t\t\t\t\t\t\tdata-text=\"w:normal;s:20,9,6,4;l:0,11,8,6;\"\n\t\t\t\t\t\t\t\tdata-dim=\"w:2751px,1292px,1791px,1542px;h:804px,832px,787px,685px;\"\n\t\t\t\t\t\t\t\tdata-frame_999=\"o:0;st:w;\"\n\t\t\t\t\t\t\t\tstyle=\"z-index:7;background-color:rgba(0,0,0,0.5);\"\n\t\t\t\t\t\t\t> \n\t\t\t\t\t\t\t<\/rs-layer><!--\n\n\t\t\t\t\t\t\t--><rs-layer\n\t\t\t\t\t\t\t\tid=\"slider-9-slide-19-layer-8\" \n\t\t\t\t\t\t\t\tdata-type=\"text\"\n\t\t\t\t\t\t\t\tdata-color=\"#fff\"\n\t\t\t\t\t\t\t\tdata-rsp_ch=\"on\"\n\t\t\t\t\t\t\t\tdata-xy=\"x:c;xo:0,10px,7px,18px;yo:359px,573px,435px,325px;\"\n\t\t\t\t\t\t\t\tdata-text=\"w:normal;s:60,28,21,12;l:70,32,24,14;ls:-1,0,0,0;fw:500;a:center;\"\n\t\t\t\t\t\t\t\tdata-dim=\"minh:0px,none,none,none;\"\n\t\t\t\t\t\t\t\tdata-frame_999=\"o:0;st:w;\"\n\t\t\t\t\t\t\t\tstyle=\"z-index:8;font-family:'Poppins';text-transform:uppercase;\"\n\t\t\t\t\t\t\t>Peticiones, quejas, reclamos, <br \/>\nsugerencias y felicitaciones  \n\t\t\t\t\t\t\t<\/rs-layer><!--\n\n\t\t\t\t\t\t\t--><rs-layer\n\t\t\t\t\t\t\t\tid=\"slider-9-slide-19-layer-9\" \n\t\t\t\t\t\t\t\tdata-type=\"shape\"\n\t\t\t\t\t\t\t\tdata-rsp_ch=\"on\"\n\t\t\t\t\t\t\t\tdata-xy=\"xo:-357px,-9px,-6px,10px;yo:358px,570px,433px,322px;\"\n\t\t\t\t\t\t\t\tdata-text=\"w:normal;s:20,9,6,4;l:0,11,8,6;\"\n\t\t\t\t\t\t\t\tdata-dim=\"w:2858px,712px,540px,333px;h:142,66,50,30;\"\n\t\t\t\t\t\t\t\tdata-border=\"bor:20px,20px,20px,20px;\"\n\t\t\t\t\t\t\t\tdata-frame_999=\"o:0;st:w;\"\n\t\t\t\t\t\t\t\tstyle=\"z-index:6;background-color:rgba(0,0,255,0.84);\"\n\t\t\t\t\t\t\t> \n\t\t\t\t\t\t\t<\/rs-layer><!--\n-->\t\t\t\t\t\t<\/rs-slide>\n\t\t\t\t\t<\/rs-slides>\n\t\t\t\t<\/rs-module>\n\t\t\t\t<script>\n\t\t\t\t\tsetREVStartSize({c: 'rev_slider_9_1',rl:[1240,1024,778,480],el:[532,668,532,532],gw:[2180,1024,778,480],gh:[532,668,532,532],type:'standard',justify:'',layout:'fullwidth',mh:\"600px\"});if (window.RS_MODULES!==undefined && window.RS_MODULES.modules!==undefined && window.RS_MODULES.modules[\"revslider91\"]!==undefined) {window.RS_MODULES.modules[\"revslider91\"].once = false;window.revapi9 = undefined;if (window.RS_MODULES.checkMinimal!==undefined) window.RS_MODULES.checkMinimal()}\n\t\t\t\t<\/script>\n\t\t\t<\/rs-module-wrap>\n\t\t\t<!-- END REVOLUTION SLIDER -->\n<\/div>\n\n\t\t\t\t<\/div>\n\t\t\t\t<\/div>\n\t\t\t\t\t<\/div>\n\t\t\t\t<\/div>\n\t\t<div class=\"elementor-element elementor-element-2d4bb1d e-flex e-con-boxed e-con e-parent\" data-id=\"2d4bb1d\" data-element_type=\"container\">\n\t\t\t\t\t<div class=\"e-con-inner\">\n\t\t\t\t\t<\/div>\n\t\t\t\t<\/div>\n\t\t<div class=\"elementor-element elementor-element-005b673 e-flex e-con-boxed e-con e-parent\" data-id=\"005b673\" data-element_type=\"container\">\n\t\t\t\t\t<div class=\"e-con-inner\">\n\t\t\t\t<div class=\"elementor-element elementor-element-6cf3fe8 elementor-widget__width-initial elementor-widget elementor-widget-text-editor\" data-id=\"6cf3fe8\" data-element_type=\"widget\" data-widget_type=\"text-editor.default\">\n\t\t\t\t<div class=\"elementor-widget-container\">\n\t\t\t<style>\/*! elementor - v3.21.0 - 25-04-2024 *\/\n.elementor-widget-text-editor.elementor-drop-cap-view-stacked .elementor-drop-cap{background-color:#69727d;color:#fff}.elementor-widget-text-editor.elementor-drop-cap-view-framed .elementor-drop-cap{color:#69727d;border:3px solid;background-color:transparent}.elementor-widget-text-editor:not(.elementor-drop-cap-view-default) .elementor-drop-cap{margin-top:8px}.elementor-widget-text-editor:not(.elementor-drop-cap-view-default) .elementor-drop-cap-letter{width:1em;height:1em}.elementor-widget-text-editor .elementor-drop-cap{float:left;text-align:center;line-height:1;font-size:50px}.elementor-widget-text-editor .elementor-drop-cap-letter{display:inline-block}<\/style>\t\t\t\t\n<div class=\"wpcf7 no-js\" id=\"wpcf7-f4633-o1\" lang=\"es-VE\" dir=\"ltr\">\n<div class=\"screen-reader-response\"><p role=\"status\" aria-live=\"polite\" aria-atomic=\"true\"><\/p> <ul><\/ul><\/div>\n<form action=\"\/web\/wp-json\/wp\/v2\/pages\/4804#wpcf7-f4633-o1\" method=\"post\" class=\"wpcf7-form init\" aria-label=\"Formulario de contacto\" enctype=\"multipart\/form-data\" novalidate=\"novalidate\" data-status=\"init\">\n<div style=\"display: none;\">\n<input type=\"hidden\" name=\"_wpcf7\" value=\"4633\" \/>\n<input type=\"hidden\" name=\"_wpcf7_version\" value=\"5.9.3\" \/>\n<input type=\"hidden\" name=\"_wpcf7_locale\" value=\"es_VE\" \/>\n<input type=\"hidden\" name=\"_wpcf7_unit_tag\" value=\"wpcf7-f4633-o1\" \/>\n<input type=\"hidden\" name=\"_wpcf7_container_post\" value=\"0\" \/>\n<input type=\"hidden\" name=\"_wpcf7_posted_data_hash\" value=\"\" \/>\n<\/div>\n<table>\n\t<tr>\n\t\t<td>\n\t\t\t<p><label for=\"nombre\">Nombre:<\/label><br \/>\n<input type=\"text\" id=\"nombre\" name=\"nombre\" placeholder=\"Nombre\" style=\"background-color: #FFFFFF; color: #333;\" \/>\n\t\t\t<\/p>\n\t\t\t<p><label for=\"tipo-identidad\">Tipo de Identidad:<\/label><br \/>\n<select id=\"tipo-identidad\" name=\"tipo-identidad\" style=\"background-color: #FFFFFF; color: #000000;\">\n <option value=\"C\u00e9dula de Ciudadan\u00eda\">C\u00e9dula de Ciudadan\u00eda<\/option>\n <option value=\"Tarjeta de Identidad\">Tarjeta de Identidad<\/option>\n <option value=\"Registro Civil de Nacimiento\">Registro Civil de Nacimiento<\/option>\n <option value=\"C\u00e9dula de Extranjer\u00eda\">C\u00e9dula de Extranjer\u00eda<\/option>\n <option value=\"Pasaporte\">Pasaporte<\/option>\n <option value=\"Otro\">Otro<\/option>\n <\/select>\n\t\t\t<\/p>\n\t\t\t<p><label for=\"email-976\">Correo Electr\u00f3nico:<\/label><br \/>\n<input type=\"email\" id=\"email-976\" name=\"email-976\" placeholder=\"Correo Electr\u00f3nico\" style=\"background-color: #FFFFFF; color: #333;\" \/>\n\t\t\t<\/p>\n\t\t\t<p><label for=\"cargo\">Cargo:<\/label><br \/>\n<select id=\"cargo\" name=\"cargo\" style=\"background-color: #FFFFFF; color: #000000;\">\n <option value=\"Estudiante\">Estudiante<\/option>\n <option value=\"Docente\">Docente<\/option>\n <option value=\"Administrativo\">Administrativo<\/option>\n <option value=\"Otro\">Otro<\/option>\n <\/select>\n\t\t\t<\/p>\n\t\t<\/td>\n\t\t<td>\n\t\t\t<p><label for=\"apellido\">Apellido:<\/label><br \/>\n<input type=\"text\" id=\"apellido\" name=\"apellido\" placeholder=\"Apellido\" style=\"background-color: #FFFFFF; color: #333;\" \/>\n\t\t\t<\/p>\n\t\t\t<p><label for=\"numero-identidad\">N\u00famero de Documento de Identidad:<\/label><br \/>\n<input type=\"text\" id=\"numero-identidad\" name=\"numero-identidad\" placeholder=\"N\u00famero de identidad\" style=\"background-color: #FFFFFF; color: #333;\" \/>\n\t\t\t<\/p>\n\t\t\t<p><label for=\"telefono\">Tel\u00e9fono:<\/label><br \/>\n<input type=\"text\" id=\"telefono\" name=\"telefono\" placeholder=\"N\u00famero de tel\u00e9fono\" style=\"background-color: #FFFFFF; color: #333;\" \/>\n\t\t\t<\/p>\n\t\t\t<p><label for=\"tipo-pqrsf\">Tipo de PQRSF:<\/label><br \/>\n<select id=\"tipo-pqrsf\" name=\"tipo-pqrsf\" style=\"background-color: #FFFFFF; color: #000000;\">\n <option value=\"Peticiones\">Peticiones<\/option>\n <option value=\"Quejas\">Quejas<\/option>\n <option value=\"Reclamos\">Reclamos<\/option>\n <option value=\"Sugerencias\">Sugerencias<\/option>\n <option value=\"Felicitaciones\">Felicitaciones<\/option>\n <\/select>\n\t\t\t<\/p>\n\t\t<\/td>\n\t<\/tr>\n\t<tr>\n\t\t<td colspan=\"2\">\n\t\t\t<p><label for=\"descripcion\">Descripci\u00f3n<\/label><br \/>\n<textarea id=\"descripcion\" name=\"descripcion\" placeholder=\"Descripci\u00f3n\" style=\"background-color: #FFFFFF; color: #333;\"><\/textarea>\n\t\t\t<\/p>\n\t\t<\/td>\n\t<\/tr>\n\t<tr>\n\t\t<td colspan=\"2\">\n\t\t\t<p><label for=\"archivo\">Subir Archivos:<br \/>\n<span class=\"wpcf7-form-control-wrap\" data-name=\"archivo\"><input size=\"40\" class=\"wpcf7-form-control wpcf7-file\" accept=\"audio\/*,video\/*,image\/*\" aria-invalid=\"false\" type=\"file\" name=\"archivo\" \/><\/span><br \/>\n<\/label>\n\t\t\t<\/p>\n\t\t<\/td>\n\t<\/tr>\n\t<tr>\n\t\t<td colspan=\"2\">\n\t\t\t<div style=\"background-color: #FFFFFF; padding: 10px;\">\n\t\t\t\t<p><span class=\"wpcf7-form-control-wrap\" data-name=\"acceptance-179\"><span class=\"wpcf7-form-control wpcf7-acceptance\"><span class=\"wpcf7-list-item\"><input type=\"checkbox\" name=\"acceptance-179\" value=\"1\" aria-invalid=\"false\" \/><\/span><\/span><\/span> Acepto\n\t\t\t\t<\/p>\n\t\t\t\t<p>El Sistema PQRS, es un formulario en el que podr\u00e1 interponer peticiones, quejas, reclamos y sugerencias donde podr\u00e1 expresar su opini\u00f3n de los procesos y servicios que brinda la Corporaci\u00f3n Universitaria Aut\u00f3noma del Norte. En cumplimiento de la Ley 1581 de 2012 y sus decretos reglamentarios en calidad de titular(es) de la informaci\u00f3n de manera libre, expresa e informada, autorizo a la CORPORACION UNIVERSITARIA AUTONOMA DEL NORTE &#8211; UAnorte y\/o a la persona natural o jur\u00eddica a quien este encargue, a recolectar, almacenar, utilizar, circular, suprimir y en general, a usar mis datos personales para el cumplimiento de las siguientes finalidades: a. Gesti\u00f3n de PQR, b. Publicidad y Prospecci\u00f3n Comercial, c. Ense\u00f1anza Universitaria o Superior. Declaro que he conocido la Pol\u00edtica de tratamiento de datos personales.\n\t\t\t\t<\/p>\n\t\t\t\t<p>Gracias por tu opini\u00f3n.\n\t\t\t\t<\/p>\n\t\t\t<\/div>\n\t\t<\/td>\n\t<\/tr>\n\t<tr>\n\t\t<td colspan=\"2\" style=\"text-align: center;\">\n\t\t\t<div style=\"display: inline-block;\">\n\t\t\t\t<p><input class=\"wpcf7-form-control wpcf7-submit has-spinner\" type=\"submit\" value=\"Enviar\" \/>\n\t\t\t\t<\/p>\n\t\t\t<\/div>\n\t\t<\/td>\n\t<\/tr>\n<\/table><input type='hidden' class='wpcf7-pum' value='{\"closepopup\":false,\"closedelay\":0,\"openpopup\":false,\"openpopup_id\":0}' \/><div class=\"wpcf7-response-output\" aria-hidden=\"true\"><\/div>\n<\/form>\n<\/div>\n\t\t\t\t\t\t<\/div>\n\t\t\t\t<\/div>\n\t\t\t\t\t<\/div>\n\t\t\t\t<\/div>\n\t\t\t\t<\/div>\n\t\t","protected":false},"excerpt":{"rendered":"","protected":false},"author":2,"featured_media":0,"parent":0,"menu_order":0,"comment_status":"closed","ping_status":"closed","template":"elementor_header_footer","meta":{"_acf_changed":false,"_joinchat":[],"footnotes":""},"class_list":["post-4804","page","type-page","status-publish","hentry"],"acf":[],"_links":{"self":[{"href":"https:\/\/uanorte.edu.co\/web\/wp-json\/wp\/v2\/pages\/4804","targetHints":{"allow":["GET"]}}],"collection":[{"href":"https:\/\/uanorte.edu.co\/web\/wp-json\/wp\/v2\/pages"}],"about":[{"href":"https:\/\/uanorte.edu.co\/web\/wp-json\/wp\/v2\/types\/page"}],"author":[{"embeddable":true,"href":"https:\/\/uanorte.edu.co\/web\/wp-json\/wp\/v2\/users\/2"}],"replies":[{"embeddable":true,"href":"https:\/\/uanorte.edu.co\/web\/wp-json\/wp\/v2\/comments?post=4804"}],"version-history":[{"count":54,"href":"https:\/\/uanorte.edu.co\/web\/wp-json\/wp\/v2\/pages\/4804\/revisions"}],"predecessor-version":[{"id":4878,"href":"https:\/\/uanorte.edu.co\/web\/wp-json\/wp\/v2\/pages\/4804\/revisions\/4878"}],"wp:attachment":[{"href":"https:\/\/uanorte.edu.co\/web\/wp-json\/wp\/v2\/media?parent=4804"}],"curies":[{"name":"wp","href":"https:\/\/api.w.org\/{rel}","templated":true}]}}