{"id":5549,"date":"2023-11-30T17:47:49","date_gmt":"2023-11-30T21:47:49","guid":{"rendered":"https:\/\/uanorte.edu.co\/web\/?page_id=5549"},"modified":"2024-11-14T18:55:17","modified_gmt":"2024-11-14T22:55:17","slug":"sigac-uanorte","status":"publish","type":"page","link":"https:\/\/uanorte.edu.co\/web\/sigac-uanorte\/","title":{"rendered":"SIGAC-UANORTE"},"content":{"rendered":"\t\t<div data-elementor-type=\"wp-page\" data-elementor-id=\"5549\" class=\"elementor elementor-5549\">\n\t\t\t\t<div class=\"elementor-element elementor-element-957283f e-flex e-con-boxed e-con e-parent\" data-id=\"957283f\" data-element_type=\"container\">\n\t\t\t\t\t<div class=\"e-con-inner\">\n\t\t\t\t<div class=\"elementor-element elementor-element-f08a73a elementor-widget elementor-widget-slider_revolution\" data-id=\"f08a73a\" data-element_type=\"widget\" data-widget_type=\"slider_revolution.default\">\n\t\t\t\t<div class=\"elementor-widget-container\">\n\t\t\t\n\t\t<div class=\"wp-block-themepunch-revslider\">\n\t\t\t<!-- START sigac  UAnorte REVOLUTION SLIDER 6.6.5 --><p class=\"rs-p-wp-fix\"><\/p>\n\t\t\t<rs-module-wrap id=\"rev_slider_27_1_wrapper\" data-source=\"gallery\" style=\"visibility:hidden;background:transparent;padding:0;margin:0px auto;margin-top:0;margin-bottom:0;\">\n\t\t\t\t<rs-module id=\"rev_slider_27_1\" style=\"\" data-version=\"6.6.5\">\n\t\t\t\t\t<rs-slides style=\"overflow: hidden; position: absolute;\">\n\t\t\t\t\t\t<rs-slide style=\"position: absolute;\" data-key=\"rs-63\" data-title=\"Slide\" data-in=\"o:0;\" data-out=\"a:false;\">\n\t\t\t\t\t\t\t<img fetchpriority=\"high\" decoding=\"async\" src=\"\/\/uanorte.edu.co\/web\/wp-content\/plugins\/revslider\/public\/assets\/assets\/dummy.png\" alt=\"\" title=\"CSM\" width=\"1800\" height=\"680\" class=\"rev-slidebg tp-rs-img rs-lazyload\" data-lazyload=\"\/\/uanorte.edu.co\/web\/wp-content\/uploads\/2024\/11\/CSM-4.png\" data-bg=\"p:0% 45%;\" data-no-retina>\n<!---->\t\t\t\t\t\t<\/rs-slide>\n\t\t\t\t\t<\/rs-slides>\n\t\t\t\t<\/rs-module>\n\t\t\t\t<script>\n\t\t\t\t\tsetREVStartSize({c: 'rev_slider_27_1',rl:[1240,1024,778,480],el:[680],gw:[1800],gh:[680],type:'standard',justify:'',layout:'fullwidth',mh:\"600px\"});if (window.RS_MODULES!==undefined && window.RS_MODULES.modules!==undefined && window.RS_MODULES.modules[\"revslider271\"]!==undefined) {window.RS_MODULES.modules[\"revslider271\"].once = false;window.revapi27 = undefined;if (window.RS_MODULES.checkMinimal!==undefined) window.RS_MODULES.checkMinimal()}\n\t\t\t\t<\/script>\n\t\t\t<\/rs-module-wrap>\n\t\t\t<!-- END REVOLUTION SLIDER -->\n<\/div>\n\n\t\t\t\t<\/div>\n\t\t\t\t<\/div>\n\t\t\t\t\t<\/div>\n\t\t\t\t<\/div>\n\t\t<div class=\"elementor-element elementor-element-1b32da51 e-flex e-con-boxed e-con e-parent\" data-id=\"1b32da51\" data-element_type=\"container\">\n\t\t\t\t\t<div class=\"e-con-inner\">\n\t\t\t\t<div class=\"elementor-element elementor-element-511a5ab1 elementor-widget elementor-widget-heading\" data-id=\"511a5ab1\" data-element_type=\"widget\" data-widget_type=\"heading.default\">\n\t\t\t\t<div class=\"elementor-widget-container\">\n\t\t\t<style>\/*! elementor - v3.21.0 - 25-04-2024 *\/\n.elementor-heading-title{padding:0;margin:0;line-height:1}.elementor-widget-heading .elementor-heading-title[class*=elementor-size-]>a{color:inherit;font-size:inherit;line-height:inherit}.elementor-widget-heading .elementor-heading-title.elementor-size-small{font-size:15px}.elementor-widget-heading .elementor-heading-title.elementor-size-medium{font-size:19px}.elementor-widget-heading .elementor-heading-title.elementor-size-large{font-size:29px}.elementor-widget-heading .elementor-heading-title.elementor-size-xl{font-size:39px}.elementor-widget-heading .elementor-heading-title.elementor-size-xxl{font-size:59px}<\/style><h2 class=\"elementor-heading-title elementor-size-default\">Sistema de Aseguramiento de la Calidad\n<\/h2>\t\t<\/div>\n\t\t\t\t<\/div>\n\t\t\t\t<div class=\"elementor-element elementor-element-2e1bcc00 elementor-widget-divider--view-line elementor-widget elementor-widget-divider\" data-id=\"2e1bcc00\" data-element_type=\"widget\" data-widget_type=\"divider.default\">\n\t\t\t\t<div class=\"elementor-widget-container\">\n\t\t\t<style>\/*! elementor - v3.21.0 - 25-04-2024 *\/\n.elementor-widget-divider{--divider-border-style:none;--divider-border-width:1px;--divider-color:#0c0d0e;--divider-icon-size:20px;--divider-element-spacing:10px;--divider-pattern-height:24px;--divider-pattern-size:20px;--divider-pattern-url:none;--divider-pattern-repeat:repeat-x}.elementor-widget-divider .elementor-divider{display:flex}.elementor-widget-divider .elementor-divider__text{font-size:15px;line-height:1;max-width:95%}.elementor-widget-divider .elementor-divider__element{margin:0 var(--divider-element-spacing);flex-shrink:0}.elementor-widget-divider .elementor-icon{font-size:var(--divider-icon-size)}.elementor-widget-divider .elementor-divider-separator{display:flex;margin:0;direction:ltr}.elementor-widget-divider--view-line_icon .elementor-divider-separator,.elementor-widget-divider--view-line_text .elementor-divider-separator{align-items:center}.elementor-widget-divider--view-line_icon .elementor-divider-separator:after,.elementor-widget-divider--view-line_icon .elementor-divider-separator:before,.elementor-widget-divider--view-line_text .elementor-divider-separator:after,.elementor-widget-divider--view-line_text .elementor-divider-separator:before{display:block;content:\"\";border-block-end:0;flex-grow:1;border-block-start:var(--divider-border-width) var(--divider-border-style) var(--divider-color)}.elementor-widget-divider--element-align-left .elementor-divider .elementor-divider-separator>.elementor-divider__svg:first-of-type{flex-grow:0;flex-shrink:100}.elementor-widget-divider--element-align-left .elementor-divider-separator:before{content:none}.elementor-widget-divider--element-align-left .elementor-divider__element{margin-left:0}.elementor-widget-divider--element-align-right .elementor-divider .elementor-divider-separator>.elementor-divider__svg:last-of-type{flex-grow:0;flex-shrink:100}.elementor-widget-divider--element-align-right .elementor-divider-separator:after{content:none}.elementor-widget-divider--element-align-right .elementor-divider__element{margin-right:0}.elementor-widget-divider--element-align-start .elementor-divider .elementor-divider-separator>.elementor-divider__svg:first-of-type{flex-grow:0;flex-shrink:100}.elementor-widget-divider--element-align-start .elementor-divider-separator:before{content:none}.elementor-widget-divider--element-align-start .elementor-divider__element{margin-inline-start:0}.elementor-widget-divider--element-align-end .elementor-divider .elementor-divider-separator>.elementor-divider__svg:last-of-type{flex-grow:0;flex-shrink:100}.elementor-widget-divider--element-align-end .elementor-divider-separator:after{content:none}.elementor-widget-divider--element-align-end .elementor-divider__element{margin-inline-end:0}.elementor-widget-divider:not(.elementor-widget-divider--view-line_text):not(.elementor-widget-divider--view-line_icon) .elementor-divider-separator{border-block-start:var(--divider-border-width) var(--divider-border-style) var(--divider-color)}.elementor-widget-divider--separator-type-pattern{--divider-border-style:none}.elementor-widget-divider--separator-type-pattern.elementor-widget-divider--view-line .elementor-divider-separator,.elementor-widget-divider--separator-type-pattern:not(.elementor-widget-divider--view-line) .elementor-divider-separator:after,.elementor-widget-divider--separator-type-pattern:not(.elementor-widget-divider--view-line) .elementor-divider-separator:before,.elementor-widget-divider--separator-type-pattern:not([class*=elementor-widget-divider--view]) .elementor-divider-separator{width:100%;min-height:var(--divider-pattern-height);-webkit-mask-size:var(--divider-pattern-size) 100%;mask-size:var(--divider-pattern-size) 100%;-webkit-mask-repeat:var(--divider-pattern-repeat);mask-repeat:var(--divider-pattern-repeat);background-color:var(--divider-color);-webkit-mask-image:var(--divider-pattern-url);mask-image:var(--divider-pattern-url)}.elementor-widget-divider--no-spacing{--divider-pattern-size:auto}.elementor-widget-divider--bg-round{--divider-pattern-repeat:round}.rtl .elementor-widget-divider .elementor-divider__text{direction:rtl}.e-con-inner>.elementor-widget-divider,.e-con>.elementor-widget-divider{width:var(--container-widget-width,100%);--flex-grow:var(--container-widget-flex-grow)}<\/style>\t\t<div class=\"elementor-divider\">\n\t\t\t<span class=\"elementor-divider-separator\">\n\t\t\t\t\t\t<\/span>\n\t\t<\/div>\n\t\t\t\t<\/div>\n\t\t\t\t<\/div>\n\t\t\t\t\t<\/div>\n\t\t\t\t<\/div>\n\t\t<div class=\"elementor-element elementor-element-7dd6ee20 e-flex e-con-boxed e-con e-parent\" data-id=\"7dd6ee20\" data-element_type=\"container\">\n\t\t\t\t\t<div class=\"e-con-inner\">\n\t\t<div class=\"elementor-element elementor-element-19063499 e-con-full e-flex e-con e-child\" data-id=\"19063499\" data-element_type=\"container\">\n\t\t<div class=\"elementor-element elementor-element-397bebfc e-con-full e-flex e-con e-child\" data-id=\"397bebfc\" data-element_type=\"container\">\n\t\t<div class=\"elementor-element elementor-element-2fbbc4ab e-con-full e-flex e-con e-child\" data-id=\"2fbbc4ab\" data-element_type=\"container\">\n\t\t\t\t<div class=\"elementor-element elementor-element-15e935f2 elementor-widget-mobile__width-initial elementor-widget elementor-widget-image\" data-id=\"15e935f2\" data-element_type=\"widget\" data-widget_type=\"image.default\">\n\t\t\t\t<div class=\"elementor-widget-container\">\n\t\t\t<style>\/*! elementor - v3.21.0 - 25-04-2024 *\/\n.elementor-widget-image{text-align:center}.elementor-widget-image a{display:inline-block}.elementor-widget-image a img[src$=\".svg\"]{width:48px}.elementor-widget-image img{vertical-align:middle;display:inline-block}<\/style>\t\t\t\t\t\t\t\t\t\t<img decoding=\"async\" width=\"105\" height=\"115\" src=\"https:\/\/uanorte.edu.co\/web\/wp-content\/uploads\/2024\/11\/Botones-Pagina-Web-4-2-e1727390439104-4-e1730849483429.png\" class=\"attachment-large size-large wp-image-7570\" alt=\"\" \/>\t\t\t\t\t\t\t\t\t\t\t\t\t<\/div>\n\t\t\t\t<\/div>\n\t\t\t\t<\/div>\n\t\t<div class=\"elementor-element elementor-element-370b1d52 e-con-full e-flex e-con e-child\" data-id=\"370b1d52\" data-element_type=\"container\">\n\t\t\t\t<div class=\"elementor-element elementor-element-2691f08f elementor-widget__width-initial elementor-widget elementor-widget-heading\" data-id=\"2691f08f\" data-element_type=\"widget\" data-widget_type=\"heading.default\">\n\t\t\t\t<div class=\"elementor-widget-container\">\n\t\t\t<h2 class=\"elementor-heading-title elementor-size-default\">Modelo de Autoevaluaci\u00f3n\n<\/h2>\t\t<\/div>\n\t\t\t\t<\/div>\n\t\t\t\t<div class=\"elementor-element elementor-element-6e602d73 elementor-widget-divider--view-line elementor-widget elementor-widget-divider\" data-id=\"6e602d73\" data-element_type=\"widget\" data-widget_type=\"divider.default\">\n\t\t\t\t<div class=\"elementor-widget-container\">\n\t\t\t\t\t<div class=\"elementor-divider\">\n\t\t\t<span class=\"elementor-divider-separator\">\n\t\t\t\t\t\t<\/span>\n\t\t<\/div>\n\t\t\t\t<\/div>\n\t\t\t\t<\/div>\n\t\t\t\t<\/div>\n\t\t\t\t<\/div>\n\t\t\t\t<div class=\"elementor-element elementor-element-6322236b elementor-widget elementor-widget-text-editor\" data-id=\"6322236b\" data-element_type=\"widget\" data-widget_type=\"text-editor.default\">\n\t\t\t\t<div class=\"elementor-widget-container\">\n\t\t\t<style>\/*! elementor - v3.21.0 - 25-04-2024 *\/\n.elementor-widget-text-editor.elementor-drop-cap-view-stacked .elementor-drop-cap{background-color:#69727d;color:#fff}.elementor-widget-text-editor.elementor-drop-cap-view-framed .elementor-drop-cap{color:#69727d;border:3px solid;background-color:transparent}.elementor-widget-text-editor:not(.elementor-drop-cap-view-default) .elementor-drop-cap{margin-top:8px}.elementor-widget-text-editor:not(.elementor-drop-cap-view-default) .elementor-drop-cap-letter{width:1em;height:1em}.elementor-widget-text-editor .elementor-drop-cap{float:left;text-align:center;line-height:1;font-size:50px}.elementor-widget-text-editor .elementor-drop-cap-letter{display:inline-block}<\/style>\t\t\t\t<p><span style=\"color: #000000;\">UAnorte cuenta con una dependencia especializada en la gesti\u00f3n de los procesos de autoevaluaci\u00f3n, que le permita identificar las fortalezas y debilidades de los programas acad\u00e9micos y de toda la instituci\u00f3n, para garantizar la autorregulaci\u00f3n y el mejoramiento continuo y lograr el reconocimiento a la calidad.<\/span><\/p><p><span style=\"color: #000000;\">La <b>autoevaluaci\u00f3n<\/b> se concibe como un proceso permanente, participativo, transparente y objetivo mediante el cual la comunidad acad\u00e9mica, eval\u00faa el cumplimiento de la misi\u00f3n y del proyecto Educativo Institucional, analizando interna y comparativamente su ser con el deber ser y la forma como est\u00e1 organizada, para que le permita avanzar con certeza y calidad durante el proceso de implementaci\u00f3n y desarrollo del Proyecto educativo propuesto.<\/span><\/p>\t\t\t\t\t\t<\/div>\n\t\t\t\t<\/div>\n\t\t\t\t<\/div>\n\t\t<div class=\"elementor-element elementor-element-73bb0876 e-con-full e-flex e-con e-child\" data-id=\"73bb0876\" data-element_type=\"container\">\n\t\t\t\t<div class=\"elementor-element elementor-element-1e2bca78 elementor-widget elementor-widget-image\" data-id=\"1e2bca78\" data-element_type=\"widget\" data-widget_type=\"image.default\">\n\t\t\t\t<div class=\"elementor-widget-container\">\n\t\t\t\t\t\t\t\t\t\t\t\t\t<img decoding=\"async\" width=\"900\" height=\"500\" src=\"https:\/\/uanorte.edu.co\/web\/wp-content\/uploads\/2024\/11\/Botones-Pagina-Web-Programas-7.png\" class=\"attachment-large size-large wp-image-7779\" alt=\"\" srcset=\"https:\/\/uanorte.edu.co\/web\/wp-content\/uploads\/2024\/11\/Botones-Pagina-Web-Programas-7.png 900w, https:\/\/uanorte.edu.co\/web\/wp-content\/uploads\/2024\/11\/Botones-Pagina-Web-Programas-7-300x167.png 300w, https:\/\/uanorte.edu.co\/web\/wp-content\/uploads\/2024\/11\/Botones-Pagina-Web-Programas-7-768x427.png 768w\" sizes=\"(max-width: 900px) 100vw, 900px\" \/>\t\t\t\t\t\t\t\t\t\t\t\t\t<\/div>\n\t\t\t\t<\/div>\n\t\t\t\t<\/div>\n\t\t\t\t\t<\/div>\n\t\t\t\t<\/div>\n\t\t<div class=\"elementor-element elementor-element-34a3e684 e-flex e-con-boxed e-con e-parent\" data-id=\"34a3e684\" data-element_type=\"container\">\n\t\t\t\t\t<div class=\"e-con-inner\">\n\t\t<div class=\"elementor-element elementor-element-7ca0a65f e-con-full e-flex e-con e-child\" data-id=\"7ca0a65f\" data-element_type=\"container\">\n\t\t\t\t<div class=\"elementor-element elementor-element-3eb8b226 elementor-widget elementor-widget-image\" data-id=\"3eb8b226\" data-element_type=\"widget\" data-widget_type=\"image.default\">\n\t\t\t\t<div class=\"elementor-widget-container\">\n\t\t\t\t\t\t\t\t\t\t\t\t\t<img loading=\"lazy\" decoding=\"async\" width=\"900\" height=\"500\" src=\"https:\/\/uanorte.edu.co\/web\/wp-content\/uploads\/2024\/11\/Botones-Pagina-Web-Programas-8.png\" class=\"attachment-large size-large wp-image-7780\" alt=\"\" srcset=\"https:\/\/uanorte.edu.co\/web\/wp-content\/uploads\/2024\/11\/Botones-Pagina-Web-Programas-8.png 900w, https:\/\/uanorte.edu.co\/web\/wp-content\/uploads\/2024\/11\/Botones-Pagina-Web-Programas-8-300x167.png 300w, https:\/\/uanorte.edu.co\/web\/wp-content\/uploads\/2024\/11\/Botones-Pagina-Web-Programas-8-768x427.png 768w\" sizes=\"(max-width: 900px) 100vw, 900px\" \/>\t\t\t\t\t\t\t\t\t\t\t\t\t<\/div>\n\t\t\t\t<\/div>\n\t\t\t\t<\/div>\n\t\t<div class=\"elementor-element elementor-element-71434ccc e-con-full e-flex e-con e-child\" data-id=\"71434ccc\" data-element_type=\"container\">\n\t\t\t\t<div class=\"elementor-element elementor-element-58351e5e elementor-widget elementor-widget-text-editor\" data-id=\"58351e5e\" data-element_type=\"widget\" data-widget_type=\"text-editor.default\">\n\t\t\t\t<div class=\"elementor-widget-container\">\n\t\t\t\t\t\t\t<p><span style=\"color: #000000;\">Se busca que la autoevaluaci\u00f3n, sea un proceso connatural, que permita la madurez Institucional para reconocer las fortalezas y debilidades en su real dimensi\u00f3n, y a partir de este reconocimiento, formular los planes de mejoramiento que se requieran.<\/span><\/p><p><span style=\"color: #000000;\">Con base en los principios institucionales y las pol\u00edticas de autoevaluaci\u00f3n, se estructur\u00f3 el modelo, atendiendo a los grandes elementos que la dimensionan, definen y organizan el rumbo Institucional; las funciones sustantivas y de apoyo dentro de las cuales se adelantan los diferentes procesos; las personas que participan en ellos; los recursos f\u00edsicos y financieros; el medio ambiente laboral (bienestar), el impacto social que generar\u00e1n sus egresados y servicios a la comunidad, y los responsables de dichos procesos.<\/span><\/p>\t\t\t\t\t\t<\/div>\n\t\t\t\t<\/div>\n\t\t\t\t<\/div>\n\t\t\t\t\t<\/div>\n\t\t\t\t<\/div>\n\t\t\t\t<\/div>\n\t\t","protected":false},"excerpt":{"rendered":"<p>Sistema de Aseguramiento de la Calidad Modelo de Autoevaluaci\u00f3n UAnorte cuenta con una dependencia especializada en la gesti\u00f3n de los [&hellip;]<\/p>\n","protected":false},"author":2,"featured_media":0,"parent":0,"menu_order":0,"comment_status":"closed","ping_status":"closed","template":"elementor_header_footer","meta":{"_acf_changed":false,"_joinchat":[],"footnotes":""},"class_list":["post-5549","page","type-page","status-publish","hentry"],"acf":[],"_links":{"self":[{"href":"https:\/\/uanorte.edu.co\/web\/wp-json\/wp\/v2\/pages\/5549","targetHints":{"allow":["GET"]}}],"collection":[{"href":"https:\/\/uanorte.edu.co\/web\/wp-json\/wp\/v2\/pages"}],"about":[{"href":"https:\/\/uanorte.edu.co\/web\/wp-json\/wp\/v2\/types\/page"}],"author":[{"embeddable":true,"href":"https:\/\/uanorte.edu.co\/web\/wp-json\/wp\/v2\/users\/2"}],"replies":[{"embeddable":true,"href":"https:\/\/uanorte.edu.co\/web\/wp-json\/wp\/v2\/comments?post=5549"}],"version-history":[{"count":10,"href":"https:\/\/uanorte.edu.co\/web\/wp-json\/wp\/v2\/pages\/5549\/revisions"}],"predecessor-version":[{"id":7783,"href":"https:\/\/uanorte.edu.co\/web\/wp-json\/wp\/v2\/pages\/5549\/revisions\/7783"}],"wp:attachment":[{"href":"https:\/\/uanorte.edu.co\/web\/wp-json\/wp\/v2\/media?parent=5549"}],"curies":[{"name":"wp","href":"https:\/\/api.w.org\/{rel}","templated":true}]}}