{"id":6102,"date":"2024-09-05T09:14:42","date_gmt":"2024-09-05T13:14:42","guid":{"rendered":"https:\/\/uanorte.edu.co\/web\/?page_id=6102"},"modified":"2025-09-16T12:32:56","modified_gmt":"2025-09-16T16:32:56","slug":"consultorio-juridico","status":"publish","type":"page","link":"https:\/\/uanorte.edu.co\/web\/consultorio-juridico\/","title":{"rendered":"Consultorio Juridico"},"content":{"rendered":"\t\t<div data-elementor-type=\"wp-page\" data-elementor-id=\"6102\" class=\"elementor elementor-6102\">\n\t\t\t\t<div class=\"elementor-element elementor-element-947e625 e-flex e-con-boxed e-con e-parent\" data-id=\"947e625\" data-element_type=\"container\">\n\t\t\t\t\t<div class=\"e-con-inner\">\n\t\t\t\t<div class=\"elementor-element elementor-element-222bfc1 elementor-widget elementor-widget-slider_revolution\" data-id=\"222bfc1\" data-element_type=\"widget\" data-widget_type=\"slider_revolution.default\">\n\t\t\t\t<div class=\"elementor-widget-container\">\n\t\t\t\n\t\t<div class=\"wp-block-themepunch-revslider\">\n\t\t\t<!-- START consultorio juridico REVOLUTION SLIDER 6.6.5 --><p class=\"rs-p-wp-fix\"><\/p>\n\t\t\t<rs-module-wrap id=\"rev_slider_44_1_wrapper\" data-source=\"gallery\" style=\"visibility:hidden;background:transparent;padding:0;margin:0px auto;margin-top:0;margin-bottom:0;\">\n\t\t\t\t<rs-module id=\"rev_slider_44_1\" style=\"\" data-version=\"6.6.5\">\n\t\t\t\t\t<rs-slides style=\"overflow: hidden; position: absolute;\">\n\t\t\t\t\t\t<rs-slide style=\"position: absolute;\" data-key=\"rs-105\" data-title=\"TRABAJO SOCIAL\" data-in=\"o:0;\" data-out=\"a:false;\">\n\t\t\t\t\t\t\t<img fetchpriority=\"high\" decoding=\"async\" src=\"\/\/uanorte.edu.co\/web\/wp-content\/plugins\/revslider\/public\/assets\/assets\/dummy.png\" alt=\"\" title=\"PAGINA WEB (1)\" width=\"1200\" height=\"628\" class=\"rev-slidebg tp-rs-img rs-lazyload\" data-lazyload=\"\/\/uanorte.edu.co\/web\/wp-content\/uploads\/2024\/09\/PAGINA-WEB-1.png\" data-bg=\"p:0% 40%;\" data-no-retina>\n<!--\n\t\t\t\t\t\t\t--><rs-layer\n\t\t\t\t\t\t\t\tid=\"slider-44-slide-105-layer-0\" \n\t\t\t\t\t\t\t\tdata-type=\"image\"\n\t\t\t\t\t\t\t\tdata-rsp_ch=\"on\"\n\t\t\t\t\t\t\t\tdata-xy=\"xo:-27px,-27px,-27px,-25px;yo:-8px,-8px,-8px,-5px;\"\n\t\t\t\t\t\t\t\tdata-text=\"w:normal;s:20,20,20,16;l:0,0,0,22;\"\n\t\t\t\t\t\t\t\tdata-dim=\"w:277px,277px,277px,274px;h:154px,154px,154px,151px;\"\n\t\t\t\t\t\t\t\tdata-frame_999=\"o:0;st:w;\"\n\t\t\t\t\t\t\t\tstyle=\"z-index:7;\"\n\t\t\t\t\t\t\t><img decoding=\"async\" src=\"\/\/uanorte.edu.co\/web\/wp-content\/plugins\/revslider\/public\/assets\/assets\/dummy.png\" alt=\"\" class=\"tp-rs-img rs-lazyload\" width=\"900\" height=\"500\" data-lazyload=\"\/\/uanorte.edu.co\/web\/wp-content\/uploads\/2023\/11\/oferta-academica-3-1.png\" data-no-retina> \n\t\t\t\t\t\t\t<\/rs-layer><!--\n-->\t\t\t\t\t\t<\/rs-slide>\n\t\t\t\t\t<\/rs-slides>\n\t\t\t\t<\/rs-module>\n\t\t\t\t<script>\n\t\t\t\t\tsetREVStartSize({c: 'rev_slider_44_1',rl:[1240,1240,1240,480],el:[1000,1000,1000,237.986],gw:[2180,2180,2180,2180],gh:[1000,1000,1000,1000],type:'standard',justify:'',layout:'fullwidth',mh:\"0\"});if (window.RS_MODULES!==undefined && window.RS_MODULES.modules!==undefined && window.RS_MODULES.modules[\"revslider441\"]!==undefined) {window.RS_MODULES.modules[\"revslider441\"].once = false;window.revapi44 = undefined;if (window.RS_MODULES.checkMinimal!==undefined) window.RS_MODULES.checkMinimal()}\n\t\t\t\t<\/script>\n\t\t\t<\/rs-module-wrap>\n\t\t\t<!-- END REVOLUTION SLIDER -->\n<\/div>\n\n\t\t\t\t<\/div>\n\t\t\t\t<\/div>\n\t\t\t\t\t<\/div>\n\t\t\t\t<\/div>\n\t\t<div class=\"elementor-element elementor-element-ab2345a e-flex e-con-boxed e-con e-parent\" data-id=\"ab2345a\" data-element_type=\"container\">\n\t\t\t\t\t<div class=\"e-con-inner\">\n\t\t\t\t<div class=\"elementor-element elementor-element-de5cbfc elementor-widget elementor-widget-text-editor\" data-id=\"de5cbfc\" data-element_type=\"widget\" data-widget_type=\"text-editor.default\">\n\t\t\t\t<div class=\"elementor-widget-container\">\n\t\t\t<style>\/*! elementor - v3.21.0 - 25-04-2024 *\/\n.elementor-widget-text-editor.elementor-drop-cap-view-stacked .elementor-drop-cap{background-color:#69727d;color:#fff}.elementor-widget-text-editor.elementor-drop-cap-view-framed .elementor-drop-cap{color:#69727d;border:3px solid;background-color:transparent}.elementor-widget-text-editor:not(.elementor-drop-cap-view-default) .elementor-drop-cap{margin-top:8px}.elementor-widget-text-editor:not(.elementor-drop-cap-view-default) .elementor-drop-cap-letter{width:1em;height:1em}.elementor-widget-text-editor .elementor-drop-cap{float:left;text-align:center;line-height:1;font-size:50px}.elementor-widget-text-editor .elementor-drop-cap-letter{display:inline-block}<\/style>\t\t\t\t<p>El Consultorio Jur\u00eddico de la Corporaci\u00f3n Universitaria Aut\u00f3noma del Norte &#8211; UAnorte es una unidad acad\u00e9mico &#8211; administrativa adscrita a la Vicerrector\u00eda Acad\u00e9mica, dependiente de Facultad Ciencias Sociales y Humanas, Departamento de Extensi\u00f3n y Proyecci\u00f3n Social Programa Acad\u00e9mico de Derecho. Es un escenario de aprendizaje pr\u00e1ctico, en el cual los estudiantes del programa de Derecho, bajo la supervisi\u00f3n, la gu\u00eda y la coordinaci\u00f3n del personal docente y administrativo que apoya el ejercicio acad\u00e9mico, adquieren conocimientos y desarrollan competencias, habilidades y valores \u00e9ticos para el ejercicio de la profesi\u00f3n de abogado, prestando el servicio obligatorio y gratuito de asistencia jur\u00eddica.<\/p>\t\t\t\t\t\t<\/div>\n\t\t\t\t<\/div>\n\t\t\t\t\t<\/div>\n\t\t\t\t<\/div>\n\t\t<div class=\"elementor-element elementor-element-d3f0670 e-flex e-con-boxed e-con e-parent\" data-id=\"d3f0670\" data-element_type=\"container\">\n\t\t\t\t\t<div class=\"e-con-inner\">\n\t\t<div class=\"elementor-element elementor-element-2523290 e-con-full e-flex e-con e-child\" data-id=\"2523290\" data-element_type=\"container\">\n\t\t\t\t<div class=\"elementor-element elementor-element-37d3e27 elementor-widget elementor-widget-heading\" data-id=\"37d3e27\" data-element_type=\"widget\" data-widget_type=\"heading.default\">\n\t\t\t\t<div class=\"elementor-widget-container\">\n\t\t\t<style>\/*! elementor - v3.21.0 - 25-04-2024 *\/\n.elementor-heading-title{padding:0;margin:0;line-height:1}.elementor-widget-heading .elementor-heading-title[class*=elementor-size-]>a{color:inherit;font-size:inherit;line-height:inherit}.elementor-widget-heading .elementor-heading-title.elementor-size-small{font-size:15px}.elementor-widget-heading .elementor-heading-title.elementor-size-medium{font-size:19px}.elementor-widget-heading .elementor-heading-title.elementor-size-large{font-size:29px}.elementor-widget-heading .elementor-heading-title.elementor-size-xl{font-size:39px}.elementor-widget-heading .elementor-heading-title.elementor-size-xxl{font-size:59px}<\/style><h2 class=\"elementor-heading-title elementor-size-default\">Misi\u00f3n <\/h2>\t\t<\/div>\n\t\t\t\t<\/div>\n\t\t\t\t<div class=\"elementor-element elementor-element-6564430 elementor-widget elementor-widget-text-editor\" data-id=\"6564430\" data-element_type=\"widget\" data-widget_type=\"text-editor.default\">\n\t\t\t\t<div class=\"elementor-widget-container\">\n\t\t\t\t\t\t\t<p>El Consultorio Jur\u00eddico de la Corporaci\u00f3n Universitaria Aut\u00f3noma del Norte \u2013 UAnorte, presta un servicio jur\u00eddico con enfoque social, \u00e9tico y humano bajo est\u00e1ndares de calidad y liderazgo, a trav\u00e9s de la formaci\u00f3n integral de futuros profesionales de derecho, aportando a sus competencias y resultados de aprendizaje en el escenario de la pr\u00e1ctica jur\u00eddica; comprendiendo el asesoramiento, la representaci\u00f3n, la aplicaci\u00f3n de mecanismos de resoluci\u00f3n de conflictos, el adelantamiento de actuaciones administrativas e interposici\u00f3n de recursos en \u00e9sta sede y la pedagog\u00eda en derechos.<\/p>\t\t\t\t\t\t<\/div>\n\t\t\t\t<\/div>\n\t\t\t\t<\/div>\n\t\t<div class=\"elementor-element elementor-element-825f20e e-con-full e-flex e-con e-child\" data-id=\"825f20e\" data-element_type=\"container\">\n\t\t\t\t<div class=\"elementor-element elementor-element-a42787e elementor-widget elementor-widget-heading\" data-id=\"a42787e\" data-element_type=\"widget\" data-widget_type=\"heading.default\">\n\t\t\t\t<div class=\"elementor-widget-container\">\n\t\t\t<h2 class=\"elementor-heading-title elementor-size-default\">Visi\u00f3n<\/h2>\t\t<\/div>\n\t\t\t\t<\/div>\n\t\t\t\t<div class=\"elementor-element elementor-element-ac0da18 elementor-widget elementor-widget-text-editor\" data-id=\"ac0da18\" data-element_type=\"widget\" data-widget_type=\"text-editor.default\">\n\t\t\t\t<div class=\"elementor-widget-container\">\n\t\t\t\t\t\t\t<p>El Consultorio Jur\u00eddico de la Corporaci\u00f3n Universitaria Aut\u00f3noma del Norte \u2013 UAnorte, ser\u00e1 reconocido en el primer quinquenio como uno de los m\u00e1s competentes y diligentes de la regi\u00f3n, por la calidad de sus actuaciones, de cara al compromiso social que por su naturaleza le asiste y como parte fundamental en la b\u00fasqueda de la excelencia, frente a las diferentes acciones encaminadas al reconocimiento y la reivindicaci\u00f3n de derechos.<\/p>\t\t\t\t\t\t<\/div>\n\t\t\t\t<\/div>\n\t\t\t\t<\/div>\n\t\t\t\t\t<\/div>\n\t\t\t\t<\/div>\n\t\t<div class=\"elementor-element elementor-element-e9a23a3 e-flex e-con-boxed e-con e-parent\" data-id=\"e9a23a3\" data-element_type=\"container\">\n\t\t\t\t\t<div class=\"e-con-inner\">\n\t\t\t\t<div class=\"elementor-element elementor-element-919acab elementor-widget elementor-widget-heading\" data-id=\"919acab\" data-element_type=\"widget\" data-widget_type=\"heading.default\">\n\t\t\t\t<div class=\"elementor-widget-container\">\n\t\t\t<h2 class=\"elementor-heading-title elementor-size-default\">Servicios del Consultorio Jur\u00eddico<\/h2>\t\t<\/div>\n\t\t\t\t<\/div>\n\t\t\t\t<div class=\"elementor-element elementor-element-6bff764 elementor-widget elementor-widget-text-editor\" data-id=\"6bff764\" data-element_type=\"widget\" data-widget_type=\"text-editor.default\">\n\t\t\t\t<div class=\"elementor-widget-container\">\n\t\t\t\t\t\t\t<p>El Consultorio Jur\u00eddico de la UAnorte presta servicios de asesor\u00eda jur\u00eddica, conciliaci\u00f3n extrajudicial en derecho, representaci\u00f3n judicial y extrajudicial.<\/p>\t\t\t\t\t\t<\/div>\n\t\t\t\t<\/div>\n\t\t\t\t\t<\/div>\n\t\t\t\t<\/div>\n\t\t<div class=\"elementor-element elementor-element-51a987c e-flex e-con-boxed e-con e-parent\" data-id=\"51a987c\" data-element_type=\"container\">\n\t\t\t\t\t<div class=\"e-con-inner\">\n\t\t\t\t<div class=\"elementor-element elementor-element-3405594 elementor-widget elementor-widget-heading\" data-id=\"3405594\" data-element_type=\"widget\" data-widget_type=\"heading.default\">\n\t\t\t\t<div class=\"elementor-widget-container\">\n\t\t\t<h2 class=\"elementor-heading-title elementor-size-default\">\u00c1reas de Consultorio Jur\u00eddico: <\/h2>\t\t<\/div>\n\t\t\t\t<\/div>\n\t\t\t\t\t<\/div>\n\t\t\t\t<\/div>\n\t\t<div class=\"elementor-element elementor-element-f469300 e-flex e-con-boxed e-con e-parent\" data-id=\"f469300\" data-element_type=\"container\">\n\t\t\t\t\t<div class=\"e-con-inner\">\n\t\t<div class=\"elementor-element elementor-element-e162ba4 e-con-full e-flex e-con e-child\" data-id=\"e162ba4\" data-element_type=\"container\">\n\t\t\t\t<div class=\"elementor-element elementor-element-9c4a181 elementor-widget elementor-widget-image\" data-id=\"9c4a181\" data-element_type=\"widget\" data-widget_type=\"image.default\">\n\t\t\t\t<div class=\"elementor-widget-container\">\n\t\t\t<style>\/*! elementor - v3.21.0 - 25-04-2024 *\/\n.elementor-widget-image{text-align:center}.elementor-widget-image a{display:inline-block}.elementor-widget-image a img[src$=\".svg\"]{width:48px}.elementor-widget-image img{vertical-align:middle;display:inline-block}<\/style>\t\t\t\t\t\t\t\t\t\t<img decoding=\"async\" width=\"1024\" height=\"410\" src=\"https:\/\/uanorte.edu.co\/web\/wp-content\/uploads\/2024\/09\/2-1024x410.png\" class=\"attachment-large size-large wp-image-6110\" alt=\"\" srcset=\"https:\/\/uanorte.edu.co\/web\/wp-content\/uploads\/2024\/09\/2-1024x410.png 1024w, https:\/\/uanorte.edu.co\/web\/wp-content\/uploads\/2024\/09\/2-300x120.png 300w, https:\/\/uanorte.edu.co\/web\/wp-content\/uploads\/2024\/09\/2-768x307.png 768w, https:\/\/uanorte.edu.co\/web\/wp-content\/uploads\/2024\/09\/2-1536x614.png 1536w, https:\/\/uanorte.edu.co\/web\/wp-content\/uploads\/2024\/09\/2.png 2000w\" sizes=\"(max-width: 1024px) 100vw, 1024px\" \/>\t\t\t\t\t\t\t\t\t\t\t\t\t<\/div>\n\t\t\t\t<\/div>\n\t\t\t\t<\/div>\n\t\t<div class=\"elementor-element elementor-element-fc290bd e-con-full e-flex e-con e-child\" data-id=\"fc290bd\" data-element_type=\"container\">\n\t\t\t\t<div class=\"elementor-element elementor-element-06f9c28 elementor-widget elementor-widget-image\" data-id=\"06f9c28\" data-element_type=\"widget\" data-widget_type=\"image.default\">\n\t\t\t\t<div class=\"elementor-widget-container\">\n\t\t\t\t\t\t\t\t\t\t\t\t\t<img loading=\"lazy\" decoding=\"async\" width=\"1024\" height=\"410\" src=\"https:\/\/uanorte.edu.co\/web\/wp-content\/uploads\/2024\/09\/1-1024x410.png\" class=\"attachment-large size-large wp-image-6109\" alt=\"\" srcset=\"https:\/\/uanorte.edu.co\/web\/wp-content\/uploads\/2024\/09\/1-1024x410.png 1024w, https:\/\/uanorte.edu.co\/web\/wp-content\/uploads\/2024\/09\/1-300x120.png 300w, https:\/\/uanorte.edu.co\/web\/wp-content\/uploads\/2024\/09\/1-768x307.png 768w, https:\/\/uanorte.edu.co\/web\/wp-content\/uploads\/2024\/09\/1-1536x614.png 1536w, https:\/\/uanorte.edu.co\/web\/wp-content\/uploads\/2024\/09\/1.png 2000w\" sizes=\"(max-width: 1024px) 100vw, 1024px\" \/>\t\t\t\t\t\t\t\t\t\t\t\t\t<\/div>\n\t\t\t\t<\/div>\n\t\t\t\t<\/div>\n\t\t<div class=\"elementor-element elementor-element-643864f e-con-full e-flex e-con e-child\" data-id=\"643864f\" data-element_type=\"container\">\n\t\t\t\t<div class=\"elementor-element elementor-element-1a2daa5 elementor-widget elementor-widget-image\" data-id=\"1a2daa5\" data-element_type=\"widget\" data-widget_type=\"image.default\">\n\t\t\t\t<div class=\"elementor-widget-container\">\n\t\t\t\t\t\t\t\t\t\t\t\t\t<img loading=\"lazy\" decoding=\"async\" width=\"1024\" height=\"410\" src=\"https:\/\/uanorte.edu.co\/web\/wp-content\/uploads\/2024\/09\/3-1024x410.png\" class=\"attachment-large size-large wp-image-6111\" alt=\"\" srcset=\"https:\/\/uanorte.edu.co\/web\/wp-content\/uploads\/2024\/09\/3-1024x410.png 1024w, https:\/\/uanorte.edu.co\/web\/wp-content\/uploads\/2024\/09\/3-300x120.png 300w, https:\/\/uanorte.edu.co\/web\/wp-content\/uploads\/2024\/09\/3-768x307.png 768w, https:\/\/uanorte.edu.co\/web\/wp-content\/uploads\/2024\/09\/3-1536x614.png 1536w, https:\/\/uanorte.edu.co\/web\/wp-content\/uploads\/2024\/09\/3.png 2000w\" sizes=\"(max-width: 1024px) 100vw, 1024px\" \/>\t\t\t\t\t\t\t\t\t\t\t\t\t<\/div>\n\t\t\t\t<\/div>\n\t\t\t\t<\/div>\n\t\t<div class=\"elementor-element elementor-element-05d6333 e-con-full e-flex e-con e-child\" data-id=\"05d6333\" data-element_type=\"container\">\n\t\t\t\t<div class=\"elementor-element elementor-element-8f659c8 elementor-widget elementor-widget-image\" data-id=\"8f659c8\" data-element_type=\"widget\" data-widget_type=\"image.default\">\n\t\t\t\t<div class=\"elementor-widget-container\">\n\t\t\t\t\t\t\t\t\t\t\t\t\t<img loading=\"lazy\" decoding=\"async\" width=\"1024\" height=\"410\" src=\"https:\/\/uanorte.edu.co\/web\/wp-content\/uploads\/2024\/09\/4-1024x410.png\" class=\"attachment-large size-large wp-image-6112\" alt=\"\" srcset=\"https:\/\/uanorte.edu.co\/web\/wp-content\/uploads\/2024\/09\/4-1024x410.png 1024w, https:\/\/uanorte.edu.co\/web\/wp-content\/uploads\/2024\/09\/4-300x120.png 300w, https:\/\/uanorte.edu.co\/web\/wp-content\/uploads\/2024\/09\/4-768x307.png 768w, https:\/\/uanorte.edu.co\/web\/wp-content\/uploads\/2024\/09\/4-1536x614.png 1536w, https:\/\/uanorte.edu.co\/web\/wp-content\/uploads\/2024\/09\/4.png 2000w\" sizes=\"(max-width: 1024px) 100vw, 1024px\" \/>\t\t\t\t\t\t\t\t\t\t\t\t\t<\/div>\n\t\t\t\t<\/div>\n\t\t\t\t<\/div>\n\t\t\t\t\t<\/div>\n\t\t\t\t<\/div>\n\t\t<div class=\"elementor-element elementor-element-d15d656 e-flex e-con-boxed e-con e-parent\" data-id=\"d15d656\" data-element_type=\"container\">\n\t\t\t\t\t<div class=\"e-con-inner\">\n\t\t\t\t<div class=\"elementor-element elementor-element-ff1bc92 elementor-widget elementor-widget-heading\" data-id=\"ff1bc92\" data-element_type=\"widget\" data-widget_type=\"heading.default\">\n\t\t\t\t<div class=\"elementor-widget-container\">\n\t\t\t<h2 class=\"elementor-heading-title elementor-size-default\">Consulta Reglamento de Consultorio Jur\u00eddico<\/h2>\t\t<\/div>\n\t\t\t\t<\/div>\n\t\t\t\t<div class=\"elementor-element elementor-element-931b858 elementor-widget elementor-widget-heading\" data-id=\"931b858\" data-element_type=\"widget\" data-widget_type=\"heading.default\">\n\t\t\t\t<div class=\"elementor-widget-container\">\n\t\t\t<h2 class=\"elementor-heading-title elementor-size-default\">Consultorio Jur\u00eddico P\u00farpura<\/h2>\t\t<\/div>\n\t\t\t\t<\/div>\n\t\t\t\t\t<\/div>\n\t\t\t\t<\/div>\n\t\t<div class=\"elementor-element elementor-element-aef4917 e-flex e-con-boxed e-con e-parent\" data-id=\"aef4917\" data-element_type=\"container\">\n\t\t\t\t\t<div class=\"e-con-inner\">\n\t\t<div class=\"elementor-element elementor-element-0bc5480 e-con-full e-flex e-con e-child\" data-id=\"0bc5480\" data-element_type=\"container\">\n\t\t\t\t<div class=\"elementor-element elementor-element-cc7e7bf elementor-widget elementor-widget-text-editor\" data-id=\"cc7e7bf\" data-element_type=\"widget\" data-widget_type=\"text-editor.default\">\n\t\t\t\t<div class=\"elementor-widget-container\">\n\t\t\t\t\t\t\t<p><strong>\u00bfQu\u00e9 es el Consultorio Jur\u00eddico P\u00farpura?<\/strong><br \/>El Consultorio Jur\u00eddico P\u00farpura tiene como prop\u00f3sito brindar asesor\u00eda y acompa\u00f1amiento jur\u00eddico gratuito con un enfoque de g\u00e9nero. Su misi\u00f3n es promover el acceso a la justicia de mujeres, ni\u00f1as, adolescentes y comunidades diversas, reconociendo las desigualdades hist\u00f3ricas y las m\u00faltiples formas de violencia que afectan sus derechos.<\/p><p>Servicios que ofrecemos:<br \/><strong>&#8211; Atenci\u00f3n preferencial.<\/strong><br \/><strong>&#8211; Confidencialidad, estricta reserva legal.<\/strong><br \/><strong>&#8211; Escucha activa. <\/strong><br \/><strong>&#8211; Acompa\u00f1amiento.<\/strong><\/p><p>\u00a0<\/p><p><strong>Horario de Atenci\u00f3n:<\/strong><\/p><p>De lunes a viernes de 8:00 a 11:00m y de 2:00 a 5:00 p.m.<\/p><p><strong>Direcci\u00f3n:<\/strong><\/p><p>Av. 3 n\u00famero 13-81 Barrio La Playa, San Jos\u00e9 de C\u00facuta, departamento Norte de Santander.<\/p><p><strong>Correo electr\u00f3nico:<\/strong><\/p><p>atencionconsultoriojuridico@uanorteies.edu.co<\/p>\t\t\t\t\t\t<\/div>\n\t\t\t\t<\/div>\n\t\t\t\t<\/div>\n\t\t<div class=\"elementor-element elementor-element-523bf3e e-con-full e-flex e-con e-child\" data-id=\"523bf3e\" data-element_type=\"container\">\n\t\t\t\t<div class=\"elementor-element elementor-element-538c340 elementor-widget elementor-widget-image\" data-id=\"538c340\" data-element_type=\"widget\" data-widget_type=\"image.default\">\n\t\t\t\t<div class=\"elementor-widget-container\">\n\t\t\t\t\t\t\t\t\t\t\t\t\t<img loading=\"lazy\" decoding=\"async\" width=\"819\" height=\"1024\" src=\"https:\/\/uanorte.edu.co\/web\/wp-content\/uploads\/2025\/09\/RUTA-PURPURA-819x1024.jpeg\" class=\"attachment-large size-large wp-image-7937\" alt=\"\" srcset=\"https:\/\/uanorte.edu.co\/web\/wp-content\/uploads\/2025\/09\/RUTA-PURPURA-819x1024.jpeg 819w, https:\/\/uanorte.edu.co\/web\/wp-content\/uploads\/2025\/09\/RUTA-PURPURA-240x300.jpeg 240w, https:\/\/uanorte.edu.co\/web\/wp-content\/uploads\/2025\/09\/RUTA-PURPURA-768x960.jpeg 768w, https:\/\/uanorte.edu.co\/web\/wp-content\/uploads\/2025\/09\/RUTA-PURPURA.jpeg 1080w\" sizes=\"(max-width: 819px) 100vw, 819px\" \/>\t\t\t\t\t\t\t\t\t\t\t\t\t<\/div>\n\t\t\t\t<\/div>\n\t\t\t\t<\/div>\n\t\t\t\t\t<\/div>\n\t\t\t\t<\/div>\n\t\t<div class=\"elementor-element elementor-element-40868b6 e-flex e-con-boxed e-con e-parent\" data-id=\"40868b6\" data-element_type=\"container\">\n\t\t\t\t\t<div class=\"e-con-inner\">\n\t\t\t\t<div class=\"elementor-element elementor-element-305a346 elementor-widget elementor-widget-heading\" data-id=\"305a346\" data-element_type=\"widget\" data-widget_type=\"heading.default\">\n\t\t\t\t<div class=\"elementor-widget-container\">\n\t\t\t<h2 class=\"elementor-heading-title elementor-size-default\">Formulario de Atenci\u00f3n<\/h2>\t\t<\/div>\n\t\t\t\t<\/div>\n\t\t\t\t\t<\/div>\n\t\t\t\t<\/div>\n\t\t\t\t<\/div>\n\t\t","protected":false},"excerpt":{"rendered":"<p>El Consultorio Jur\u00eddico de la Corporaci\u00f3n Universitaria Aut\u00f3noma del Norte &#8211; UAnorte es una unidad acad\u00e9mico &#8211; administrativa adscrita a [&hellip;]<\/p>\n","protected":false},"author":2,"featured_media":0,"parent":0,"menu_order":0,"comment_status":"closed","ping_status":"closed","template":"elementor_header_footer","meta":{"_acf_changed":false,"_joinchat":[],"footnotes":""},"class_list":["post-6102","page","type-page","status-publish","hentry"],"acf":[],"_links":{"self":[{"href":"https:\/\/uanorte.edu.co\/web\/wp-json\/wp\/v2\/pages\/6102","targetHints":{"allow":["GET"]}}],"collection":[{"href":"https:\/\/uanorte.edu.co\/web\/wp-json\/wp\/v2\/pages"}],"about":[{"href":"https:\/\/uanorte.edu.co\/web\/wp-json\/wp\/v2\/types\/page"}],"author":[{"embeddable":true,"href":"https:\/\/uanorte.edu.co\/web\/wp-json\/wp\/v2\/users\/2"}],"replies":[{"embeddable":true,"href":"https:\/\/uanorte.edu.co\/web\/wp-json\/wp\/v2\/comments?post=6102"}],"version-history":[{"count":55,"href":"https:\/\/uanorte.edu.co\/web\/wp-json\/wp\/v2\/pages\/6102\/revisions"}],"predecessor-version":[{"id":7992,"href":"https:\/\/uanorte.edu.co\/web\/wp-json\/wp\/v2\/pages\/6102\/revisions\/7992"}],"wp:attachment":[{"href":"https:\/\/uanorte.edu.co\/web\/wp-json\/wp\/v2\/media?parent=6102"}],"curies":[{"name":"wp","href":"https:\/\/api.w.org\/{rel}","templated":true}]}}