{"id":6399,"date":"2024-09-16T19:46:59","date_gmt":"2024-09-16T23:46:59","guid":{"rendered":"https:\/\/uanorte.edu.co\/web\/?page_id=6399"},"modified":"2024-09-17T19:16:56","modified_gmt":"2024-09-17T23:16:56","slug":"proceso-de-inscripcion","status":"publish","type":"page","link":"https:\/\/uanorte.edu.co\/web\/proceso-de-inscripcion\/","title":{"rendered":"proceso de inscripcion"},"content":{"rendered":"\t\t<div data-elementor-type=\"wp-page\" data-elementor-id=\"6399\" class=\"elementor elementor-6399\">\n\t\t\t\t<div class=\"elementor-element elementor-element-757658e e-flex e-con-boxed e-con e-parent\" data-id=\"757658e\" data-element_type=\"container\">\n\t\t\t\t\t<div class=\"e-con-inner\">\n\t\t<div class=\"elementor-element elementor-element-6a2826b e-con-full e-flex e-con e-child\" data-id=\"6a2826b\" data-element_type=\"container\">\n\t\t\t\t<div class=\"elementor-element elementor-element-26dda43 elementor-widget elementor-widget-image\" data-id=\"26dda43\" data-element_type=\"widget\" data-widget_type=\"image.default\">\n\t\t\t\t<div class=\"elementor-widget-container\">\n\t\t\t<style>\/*! elementor - v3.21.0 - 25-04-2024 *\/\n.elementor-widget-image{text-align:center}.elementor-widget-image a{display:inline-block}.elementor-widget-image a img[src$=\".svg\"]{width:48px}.elementor-widget-image img{vertical-align:middle;display:inline-block}<\/style>\t\t\t\t\t\t\t\t\t\t<img fetchpriority=\"high\" decoding=\"async\" width=\"900\" height=\"500\" src=\"https:\/\/uanorte.edu.co\/web\/wp-content\/uploads\/2024\/09\/60.png\" class=\"attachment-large size-large wp-image-6513\" alt=\"\" srcset=\"https:\/\/uanorte.edu.co\/web\/wp-content\/uploads\/2024\/09\/60.png 900w, https:\/\/uanorte.edu.co\/web\/wp-content\/uploads\/2024\/09\/60-300x167.png 300w, https:\/\/uanorte.edu.co\/web\/wp-content\/uploads\/2024\/09\/60-768x427.png 768w\" sizes=\"(max-width: 900px) 100vw, 900px\" \/>\t\t\t\t\t\t\t\t\t\t\t\t\t<\/div>\n\t\t\t\t<\/div>\n\t\t\t\t<div class=\"elementor-element elementor-element-f9f5b58 elementor-widget elementor-widget-image\" data-id=\"f9f5b58\" data-element_type=\"widget\" data-widget_type=\"image.default\">\n\t\t\t\t<div class=\"elementor-widget-container\">\n\t\t\t\t\t\t\t\t\t\t\t\t\t\t<a href=\"https:\/\/site2.q10.com\/Preinscripcion?aplentId=ccfdab40-6d54-4719-a89c-e85a6c812a14\" target=\"_blank\">\n\t\t\t\t\t\t\t<img decoding=\"async\" width=\"900\" height=\"63\" src=\"https:\/\/uanorte.edu.co\/web\/wp-content\/uploads\/2024\/09\/Botones-Pagina-Web-4-e1726614944147.png\" class=\"attachment-large size-large wp-image-6530\" alt=\"\" srcset=\"https:\/\/uanorte.edu.co\/web\/wp-content\/uploads\/2024\/09\/Botones-Pagina-Web-4-e1726614944147.png 900w, https:\/\/uanorte.edu.co\/web\/wp-content\/uploads\/2024\/09\/Botones-Pagina-Web-4-e1726614944147-300x21.png 300w, https:\/\/uanorte.edu.co\/web\/wp-content\/uploads\/2024\/09\/Botones-Pagina-Web-4-e1726614944147-768x54.png 768w\" sizes=\"(max-width: 900px) 100vw, 900px\" \/>\t\t\t\t\t\t\t\t<\/a>\n\t\t\t\t\t\t\t\t\t\t\t\t\t<\/div>\n\t\t\t\t<\/div>\n\t\t\t\t<\/div>\n\t\t<div class=\"elementor-element elementor-element-af979b6 e-con-full e-flex e-con e-child\" data-id=\"af979b6\" data-element_type=\"container\">\n\t\t\t\t<div class=\"elementor-element elementor-element-4039bce elementor-widget elementor-widget-heading\" data-id=\"4039bce\" data-element_type=\"widget\" data-widget_type=\"heading.default\">\n\t\t\t\t<div class=\"elementor-widget-container\">\n\t\t\t<style>\/*! elementor - v3.21.0 - 25-04-2024 *\/\n.elementor-heading-title{padding:0;margin:0;line-height:1}.elementor-widget-heading .elementor-heading-title[class*=elementor-size-]>a{color:inherit;font-size:inherit;line-height:inherit}.elementor-widget-heading .elementor-heading-title.elementor-size-small{font-size:15px}.elementor-widget-heading .elementor-heading-title.elementor-size-medium{font-size:19px}.elementor-widget-heading .elementor-heading-title.elementor-size-large{font-size:29px}.elementor-widget-heading .elementor-heading-title.elementor-size-xl{font-size:39px}.elementor-widget-heading .elementor-heading-title.elementor-size-xxl{font-size:59px}<\/style><h2 class=\"elementor-heading-title elementor-size-default\">Cont\u00e1ctanos para m\u00e1s informaci\u00f3n<\/h2>\t\t<\/div>\n\t\t\t\t<\/div>\n\t\t\t\t<div class=\"elementor-element elementor-element-077e9e5 elementor-widget elementor-widget-text-editor\" data-id=\"077e9e5\" data-element_type=\"widget\" data-widget_type=\"text-editor.default\">\n\t\t\t\t<div class=\"elementor-widget-container\">\n\t\t\t<style>\/*! elementor - v3.21.0 - 25-04-2024 *\/\n.elementor-widget-text-editor.elementor-drop-cap-view-stacked .elementor-drop-cap{background-color:#69727d;color:#fff}.elementor-widget-text-editor.elementor-drop-cap-view-framed .elementor-drop-cap{color:#69727d;border:3px solid;background-color:transparent}.elementor-widget-text-editor:not(.elementor-drop-cap-view-default) .elementor-drop-cap{margin-top:8px}.elementor-widget-text-editor:not(.elementor-drop-cap-view-default) .elementor-drop-cap-letter{width:1em;height:1em}.elementor-widget-text-editor .elementor-drop-cap{float:left;text-align:center;line-height:1;font-size:50px}.elementor-widget-text-editor .elementor-drop-cap-letter{display:inline-block}<\/style>\t\t\t\t\n<div class=\"wpcf7 no-js\" id=\"wpcf7-f4865-o1\" lang=\"es-VE\" dir=\"ltr\">\n<div class=\"screen-reader-response\"><p role=\"status\" aria-live=\"polite\" aria-atomic=\"true\"><\/p> <ul><\/ul><\/div>\n<form action=\"\/web\/wp-json\/wp\/v2\/pages\/6399#wpcf7-f4865-o1\" method=\"post\" class=\"wpcf7-form init\" aria-label=\"Formulario de contacto\" novalidate=\"novalidate\" data-status=\"init\">\n<div style=\"display: none;\">\n<input type=\"hidden\" name=\"_wpcf7\" value=\"4865\" \/>\n<input type=\"hidden\" name=\"_wpcf7_version\" value=\"5.9.3\" \/>\n<input type=\"hidden\" name=\"_wpcf7_locale\" value=\"es_VE\" \/>\n<input type=\"hidden\" name=\"_wpcf7_unit_tag\" value=\"wpcf7-f4865-o1\" \/>\n<input type=\"hidden\" name=\"_wpcf7_container_post\" value=\"0\" \/>\n<input type=\"hidden\" name=\"_wpcf7_posted_data_hash\" value=\"\" \/>\n<\/div>\n<table>\n\t<tr>\n\t\t<td>\n\t\t\t<p><label for=\"nombre\" style=\"margin: 0; font-size: 14px;\">Nombres y Apellidos:<\/label><br \/>\n<input type=\"text\" id=\"nombre\" name=\"nombre\" placeholder=\"Nombres y Apellidos\" style=\"background-color: #FFFFFF; color: #333; width: 100%;\" \/><br \/>\n<label for=\"email-123\" style=\"margin: 0; font-size: 14px;\">Correo Electr\u00f3nico:<\/label><br \/>\n<input type=\"email\" id=\"email-123\" name=\"email-123\" placeholder=\"Correo Electr\u00f3nico\" style=\"background-color: #FFFFFF; color: #333; width: 100%;\" \/><br \/>\n<label for=\"asunto\" style=\"margin: 0; font-size: 14px;\">Asunto:<\/label><br \/>\n<input type=\"text\" id=\"asunto\" name=\"asunto\" placeholder=\"Asunto\" style=\"background-color: #FFFFFF; color: #333; width: 100%;\" \/><br \/>\n<label for=\"Carrera\" style=\"margin: 0; font-size: 14px;\">Carrera de Inter\u00e9s:<\/label><br \/>\n<select id=\"Carrera\" name=\"Carrera\" style=\"width: 100%;\">\n <option value=\"\">Seleccione una opci\u00f3n<\/option>\n <option value=\"Derecho\">Pregrado en Derecho<\/option>\n <option value=\"Trabajo Social\">Pregrado en Trabajo Social<\/option>\n <option value=\"Psicolog\u00eda\">Pregrado en Psicolog\u00eda<\/option>\n <option value=\"Comunicaci\u00f3n\">Pregrado en Comunicaci\u00f3n<\/option>\n <option value=\"Intervenci\u00f3n Comunitaria\">Posgrado en Intervenci\u00f3n Comunitaria<\/option>\n <option value=\"Derecho Administrativo\">Posgrado en Derecho Administrativo<\/option>\n <option value=\"Cursos y Diplomados\">Cursos y Diplomados<\/option>\n <\/select>\n\t\t\t<\/p>\n\t\t<\/td>\n\t\t<td>\n\t\t\t<p><label for=\"numero-identidad\" style=\"margin: 0; font-size: 14px;\">N\u00famero de Documento de Identidad:<\/label><br \/>\n<input type=\"text\" id=\"numero-identidad\" name=\"numero-identidad\" placeholder=\"N\u00famero de identidad\" style=\"background-color: #FFFFFF; color: #333; width: 100%;\" \/><br \/>\n<label for=\"telefono\" style=\"margin: 0; font-size: 14px;\">Tel\u00e9fono:<\/label><br \/>\n<input type=\"text\" id=\"telefono\" name=\"telefono\" placeholder=\"N\u00famero de tel\u00e9fono\" style=\"background-color: #FFFFFF; color: #333; width: 100%;\" \/><br \/>\n<label for=\"descripcion\" style=\"margin: 0; font-size: 14px;\">Descripci\u00f3n:<\/label><br \/>\n<textarea id=\"descripcion\" name=\"descripcion\" placeholder=\"Descripci\u00f3n\" style=\"background-color: #FFFFFF; color: #333; width: 100%; height: 60px; line-height: 1.2;\"><\/textarea>\n\t\t\t<\/p>\n\t\t<\/td>\n\t<\/tr>\n\t<tr>\n\t\t<td colspan=\"2\">\n\t\t\t<div style=\"background-color: #FFFFFF; padding: 8px; font-size: 14px; line-height: 1.2;\">\n\t\t\t\t<p><span class=\"wpcf7-form-control-wrap\" data-name=\"acceptance-179\"><span class=\"wpcf7-form-control wpcf7-acceptance\"><span class=\"wpcf7-list-item\"><input type=\"checkbox\" name=\"acceptance-179\" value=\"1\" aria-invalid=\"false\" \/><\/span><\/span><\/span> Acepto<br \/>\nEn cumplimiento de la Ley 1581 de 2012 y sus decretos reglamentarios, en calidad de titular(es) de la informaci\u00f3n de manera libre, expresa e informada, autorizo a la CORPORACION UNIVERSITARIA AUTONOMA DEL NORTE y\/o a la persona natural o jur\u00eddica a quien este encargue a recolectar, almacenar, utilizar, circular, suprimir y en general, a usar mis datos personales. Declaro que he conocido la Pol\u00edtica de tratamiento de datos personales.\n\t\t\t\t<\/p>\n\t\t\t\t<p>Gracias por tu opini\u00f3n.\n\t\t\t\t<\/p>\n\t\t\t<\/div>\n\t\t<\/td>\n\t<\/tr>\n\t<tr>\n\t\t<td colspan=\"2\" style=\"text-align: center;\">\n\t\t\t<div style=\"display: inline-block;\">\n\t\t\t\t<p><input class=\"wpcf7-form-control wpcf7-submit has-spinner\" type=\"submit\" value=\"Enviar\" \/>\n\t\t\t\t<\/p>\n\t\t\t<\/div>\n\t\t<\/td>\n\t<\/tr>\n<\/table><input type='hidden' class='wpcf7-pum' value='{\"closepopup\":false,\"closedelay\":0,\"openpopup\":false,\"openpopup_id\":0}' \/><div class=\"wpcf7-response-output\" aria-hidden=\"true\"><\/div>\n<\/form>\n<\/div>\n\t\t\t\t\t\t<\/div>\n\t\t\t\t<\/div>\n\t\t\t\t<\/div>\n\t\t\t\t\t<\/div>\n\t\t\t\t<\/div>\n\t\t\t\t<\/div>\n\t\t","protected":false},"excerpt":{"rendered":"<p>Cont\u00e1ctanos para m\u00e1s informaci\u00f3n<\/p>\n","protected":false},"author":2,"featured_media":0,"parent":0,"menu_order":0,"comment_status":"closed","ping_status":"closed","template":"elementor_header_footer","meta":{"_acf_changed":false,"_joinchat":[],"footnotes":""},"class_list":["post-6399","page","type-page","status-publish","hentry"],"acf":[],"_links":{"self":[{"href":"https:\/\/uanorte.edu.co\/web\/wp-json\/wp\/v2\/pages\/6399","targetHints":{"allow":["GET"]}}],"collection":[{"href":"https:\/\/uanorte.edu.co\/web\/wp-json\/wp\/v2\/pages"}],"about":[{"href":"https:\/\/uanorte.edu.co\/web\/wp-json\/wp\/v2\/types\/page"}],"author":[{"embeddable":true,"href":"https:\/\/uanorte.edu.co\/web\/wp-json\/wp\/v2\/users\/2"}],"replies":[{"embeddable":true,"href":"https:\/\/uanorte.edu.co\/web\/wp-json\/wp\/v2\/comments?post=6399"}],"version-history":[{"count":10,"href":"https:\/\/uanorte.edu.co\/web\/wp-json\/wp\/v2\/pages\/6399\/revisions"}],"predecessor-version":[{"id":6533,"href":"https:\/\/uanorte.edu.co\/web\/wp-json\/wp\/v2\/pages\/6399\/revisions\/6533"}],"wp:attachment":[{"href":"https:\/\/uanorte.edu.co\/web\/wp-json\/wp\/v2\/media?parent=6399"}],"curies":[{"name":"wp","href":"https:\/\/api.w.org\/{rel}","templated":true}]}}