{"id":6801,"date":"2024-10-02T12:36:17","date_gmt":"2024-10-02T16:36:17","guid":{"rendered":"https:\/\/uanorte.edu.co\/web\/?page_id=6801"},"modified":"2024-10-03T11:47:29","modified_gmt":"2024-10-03T15:47:29","slug":"atencion-psicologica","status":"publish","type":"page","link":"https:\/\/uanorte.edu.co\/web\/atencion-psicologica\/","title":{"rendered":"atencion psicologica"},"content":{"rendered":"\t\t<div data-elementor-type=\"wp-page\" data-elementor-id=\"6801\" class=\"elementor elementor-6801\">\n\t\t\t\t<div class=\"elementor-element elementor-element-11658f4 e-flex e-con-boxed e-con e-parent\" data-id=\"11658f4\" data-element_type=\"container\">\n\t\t\t\t\t<div class=\"e-con-inner\">\n\t\t\t\t<div class=\"elementor-element elementor-element-9751aa0 elementor-widget elementor-widget-heading\" data-id=\"9751aa0\" data-element_type=\"widget\" data-widget_type=\"heading.default\">\n\t\t\t\t<div class=\"elementor-widget-container\">\n\t\t\t<style>\/*! elementor - v3.21.0 - 25-04-2024 *\/\n.elementor-heading-title{padding:0;margin:0;line-height:1}.elementor-widget-heading .elementor-heading-title[class*=elementor-size-]>a{color:inherit;font-size:inherit;line-height:inherit}.elementor-widget-heading .elementor-heading-title.elementor-size-small{font-size:15px}.elementor-widget-heading .elementor-heading-title.elementor-size-medium{font-size:19px}.elementor-widget-heading .elementor-heading-title.elementor-size-large{font-size:29px}.elementor-widget-heading .elementor-heading-title.elementor-size-xl{font-size:39px}.elementor-widget-heading .elementor-heading-title.elementor-size-xxl{font-size:59px}<\/style><h2 class=\"elementor-heading-title elementor-size-default\">Atenci\u00f3n Psicol\u00f3gica\n<\/h2>\t\t<\/div>\n\t\t\t\t<\/div>\n\t\t\t\t<div class=\"elementor-element elementor-element-23fb993 elementor-widget-divider--view-line elementor-widget elementor-widget-divider\" data-id=\"23fb993\" data-element_type=\"widget\" data-widget_type=\"divider.default\">\n\t\t\t\t<div class=\"elementor-widget-container\">\n\t\t\t<style>\/*! elementor - v3.21.0 - 25-04-2024 *\/\n.elementor-widget-divider{--divider-border-style:none;--divider-border-width:1px;--divider-color:#0c0d0e;--divider-icon-size:20px;--divider-element-spacing:10px;--divider-pattern-height:24px;--divider-pattern-size:20px;--divider-pattern-url:none;--divider-pattern-repeat:repeat-x}.elementor-widget-divider .elementor-divider{display:flex}.elementor-widget-divider .elementor-divider__text{font-size:15px;line-height:1;max-width:95%}.elementor-widget-divider .elementor-divider__element{margin:0 var(--divider-element-spacing);flex-shrink:0}.elementor-widget-divider .elementor-icon{font-size:var(--divider-icon-size)}.elementor-widget-divider .elementor-divider-separator{display:flex;margin:0;direction:ltr}.elementor-widget-divider--view-line_icon .elementor-divider-separator,.elementor-widget-divider--view-line_text .elementor-divider-separator{align-items:center}.elementor-widget-divider--view-line_icon .elementor-divider-separator:after,.elementor-widget-divider--view-line_icon .elementor-divider-separator:before,.elementor-widget-divider--view-line_text .elementor-divider-separator:after,.elementor-widget-divider--view-line_text .elementor-divider-separator:before{display:block;content:\"\";border-block-end:0;flex-grow:1;border-block-start:var(--divider-border-width) var(--divider-border-style) var(--divider-color)}.elementor-widget-divider--element-align-left .elementor-divider .elementor-divider-separator>.elementor-divider__svg:first-of-type{flex-grow:0;flex-shrink:100}.elementor-widget-divider--element-align-left .elementor-divider-separator:before{content:none}.elementor-widget-divider--element-align-left .elementor-divider__element{margin-left:0}.elementor-widget-divider--element-align-right .elementor-divider .elementor-divider-separator>.elementor-divider__svg:last-of-type{flex-grow:0;flex-shrink:100}.elementor-widget-divider--element-align-right .elementor-divider-separator:after{content:none}.elementor-widget-divider--element-align-right .elementor-divider__element{margin-right:0}.elementor-widget-divider--element-align-start .elementor-divider .elementor-divider-separator>.elementor-divider__svg:first-of-type{flex-grow:0;flex-shrink:100}.elementor-widget-divider--element-align-start .elementor-divider-separator:before{content:none}.elementor-widget-divider--element-align-start .elementor-divider__element{margin-inline-start:0}.elementor-widget-divider--element-align-end .elementor-divider .elementor-divider-separator>.elementor-divider__svg:last-of-type{flex-grow:0;flex-shrink:100}.elementor-widget-divider--element-align-end .elementor-divider-separator:after{content:none}.elementor-widget-divider--element-align-end .elementor-divider__element{margin-inline-end:0}.elementor-widget-divider:not(.elementor-widget-divider--view-line_text):not(.elementor-widget-divider--view-line_icon) .elementor-divider-separator{border-block-start:var(--divider-border-width) var(--divider-border-style) var(--divider-color)}.elementor-widget-divider--separator-type-pattern{--divider-border-style:none}.elementor-widget-divider--separator-type-pattern.elementor-widget-divider--view-line .elementor-divider-separator,.elementor-widget-divider--separator-type-pattern:not(.elementor-widget-divider--view-line) .elementor-divider-separator:after,.elementor-widget-divider--separator-type-pattern:not(.elementor-widget-divider--view-line) .elementor-divider-separator:before,.elementor-widget-divider--separator-type-pattern:not([class*=elementor-widget-divider--view]) .elementor-divider-separator{width:100%;min-height:var(--divider-pattern-height);-webkit-mask-size:var(--divider-pattern-size) 100%;mask-size:var(--divider-pattern-size) 100%;-webkit-mask-repeat:var(--divider-pattern-repeat);mask-repeat:var(--divider-pattern-repeat);background-color:var(--divider-color);-webkit-mask-image:var(--divider-pattern-url);mask-image:var(--divider-pattern-url)}.elementor-widget-divider--no-spacing{--divider-pattern-size:auto}.elementor-widget-divider--bg-round{--divider-pattern-repeat:round}.rtl .elementor-widget-divider .elementor-divider__text{direction:rtl}.e-con-inner>.elementor-widget-divider,.e-con>.elementor-widget-divider{width:var(--container-widget-width,100%);--flex-grow:var(--container-widget-flex-grow)}<\/style>\t\t<div class=\"elementor-divider\">\n\t\t\t<span class=\"elementor-divider-separator\">\n\t\t\t\t\t\t<\/span>\n\t\t<\/div>\n\t\t\t\t<\/div>\n\t\t\t\t<\/div>\n\t\t\t\t\t<\/div>\n\t\t\t\t<\/div>\n\t\t<div class=\"elementor-element elementor-element-02d8996 e-flex e-con-boxed e-con e-parent\" data-id=\"02d8996\" data-element_type=\"container\">\n\t\t\t\t\t<div class=\"e-con-inner\">\n\t\t<div class=\"elementor-element elementor-element-b5308f9 e-con-full e-flex e-con e-child\" data-id=\"b5308f9\" data-element_type=\"container\">\n\t\t\t\t<div class=\"elementor-element elementor-element-0a9c320 elementor-widget elementor-widget-image\" data-id=\"0a9c320\" data-element_type=\"widget\" data-widget_type=\"image.default\">\n\t\t\t\t<div class=\"elementor-widget-container\">\n\t\t\t<style>\/*! elementor - v3.21.0 - 25-04-2024 *\/\n.elementor-widget-image{text-align:center}.elementor-widget-image a{display:inline-block}.elementor-widget-image a img[src$=\".svg\"]{width:48px}.elementor-widget-image img{vertical-align:middle;display:inline-block}<\/style>\t\t\t\t\t\t\t\t\t\t<img fetchpriority=\"high\" decoding=\"async\" width=\"1024\" height=\"363\" src=\"https:\/\/uanorte.edu.co\/web\/wp-content\/uploads\/2024\/10\/carrusel-derecho-1-e1727885658325-1024x363.png\" class=\"attachment-large size-large wp-image-6803\" alt=\"\" srcset=\"https:\/\/uanorte.edu.co\/web\/wp-content\/uploads\/2024\/10\/carrusel-derecho-1-e1727885658325-1024x363.png 1024w, https:\/\/uanorte.edu.co\/web\/wp-content\/uploads\/2024\/10\/carrusel-derecho-1-e1727885658325-300x106.png 300w, https:\/\/uanorte.edu.co\/web\/wp-content\/uploads\/2024\/10\/carrusel-derecho-1-e1727885658325-768x273.png 768w, https:\/\/uanorte.edu.co\/web\/wp-content\/uploads\/2024\/10\/carrusel-derecho-1-e1727885658325-1536x545.png 1536w, https:\/\/uanorte.edu.co\/web\/wp-content\/uploads\/2024\/10\/carrusel-derecho-1-e1727885658325.png 1564w\" sizes=\"(max-width: 1024px) 100vw, 1024px\" \/>\t\t\t\t\t\t\t\t\t\t\t\t\t<\/div>\n\t\t\t\t<\/div>\n\t\t\t\t<\/div>\n\t\t<div class=\"elementor-element elementor-element-b93f901 e-con-full e-flex e-con e-child\" data-id=\"b93f901\" data-element_type=\"container\">\n\t\t\t\t<div class=\"elementor-element elementor-element-c417d3d elementor-widget elementor-widget-heading\" data-id=\"c417d3d\" data-element_type=\"widget\" data-widget_type=\"heading.default\">\n\t\t\t\t<div class=\"elementor-widget-container\">\n\t\t\t<h2 class=\"elementor-heading-title elementor-size-default\">Bienestar Universitario. Desde el \u00e1rea de desarrollo humano asumimos la responsabilidad de generar espacios para promover la salud mental, la cual hace referencia a un estado de bienestar mental proporcionando herramientas saludables para enfrentarnos a los momentos de estr\u00e9s que cada uno de nosotros podemos pasar, como tambi\u00e9n potenciar las habilidades facilit\u00e1ndonos poder  aprender y trabajar de una manera adecuada, favoreciendo la interacci\u00f3n intra e interpersonal. \n<\/h2>\t\t<\/div>\n\t\t\t\t<\/div>\n\t\t\t\t<\/div>\n\t\t\t\t\t<\/div>\n\t\t\t\t<\/div>\n\t\t<div class=\"elementor-element elementor-element-02c5859 e-flex e-con-boxed e-con e-parent\" data-id=\"02c5859\" data-element_type=\"container\">\n\t\t\t\t\t<div class=\"e-con-inner\">\n\t\t<div class=\"elementor-element elementor-element-f40d96d e-con-full e-flex e-con e-child\" data-id=\"f40d96d\" data-element_type=\"container\">\n\t\t\t\t<div class=\"elementor-element elementor-element-304f098 elementor-widget elementor-widget-heading\" data-id=\"304f098\" data-element_type=\"widget\" data-widget_type=\"heading.default\">\n\t\t\t\t<div class=\"elementor-widget-container\">\n\t\t\t<h2 class=\"elementor-heading-title elementor-size-default\">Perm\u00edtenos acompa\u00f1arte en tu desarrollo personal y emocional, agenda tu cita:\n<\/h2>\t\t<\/div>\n\t\t\t\t<\/div>\n\t\t\t\t<div class=\"elementor-element elementor-element-dd90783 elementor-widget__width-initial elementor-widget-mobile__width-initial elementor-widget elementor-widget-image\" data-id=\"dd90783\" data-element_type=\"widget\" data-widget_type=\"image.default\">\n\t\t\t\t<div class=\"elementor-widget-container\">\n\t\t\t\t\t\t\t\t\t\t\t\t\t<img decoding=\"async\" src=\"https:\/\/uanorte.edu.co\/web\/wp-content\/uploads\/2024\/10\/Botones-Pagina-Web-6-1-e1727970439223.png\" title=\"\" alt=\"\" loading=\"lazy\" \/>\t\t\t\t\t\t\t\t\t\t\t\t\t<\/div>\n\t\t\t\t<\/div>\n\t\t\t\t<\/div>\n\t\t\t\t\t<\/div>\n\t\t\t\t<\/div>\n\t\t<div class=\"elementor-element elementor-element-995a84e e-flex e-con-boxed e-con e-parent\" data-id=\"995a84e\" data-element_type=\"container\">\n\t\t\t\t\t<div class=\"e-con-inner\">\n\t\t<div class=\"elementor-element elementor-element-bbdccf6 e-con-full e-flex e-con e-child\" data-id=\"bbdccf6\" data-element_type=\"container\">\n\t\t\t\t<div class=\"elementor-element elementor-element-7fdafa3 elementor-widget elementor-widget-heading\" data-id=\"7fdafa3\" data-element_type=\"widget\" data-widget_type=\"heading.default\">\n\t\t\t\t<div class=\"elementor-widget-container\">\n\t\t\t<h2 class=\"elementor-heading-title elementor-size-default\">La importancia de cuidar la salud mental<\/h2>\t\t<\/div>\n\t\t\t\t<\/div>\n\t\t\t\t<div class=\"elementor-element elementor-element-973c00f elementor-widget elementor-widget-heading\" data-id=\"973c00f\" data-element_type=\"widget\" data-widget_type=\"heading.default\">\n\t\t\t\t<div class=\"elementor-widget-container\">\n\t\t\t<h2 class=\"elementor-heading-title elementor-size-default\">Podemos orientarnos hacia la defensa, la seguridad o el miedo. P]ero en el lado opuesto est\u00e1 la opci\u00f3n de crecimiento.  Elegir el crecimiento en lugar del miedo doce veces al d\u00eda, significa avanzar significa avanzar doce hacia la autorrealizaci\u00f3n.\n<\/h2>\t\t<\/div>\n\t\t\t\t<\/div>\n\t\t\t\t<div class=\"elementor-element elementor-element-f408d07 elementor-widget elementor-widget-heading\" data-id=\"f408d07\" data-element_type=\"widget\" data-widget_type=\"heading.default\">\n\t\t\t\t<div class=\"elementor-widget-container\">\n\t\t\t<h2 class=\"elementor-heading-title elementor-size-default\">Abraham  Maslow\n<\/h2>\t\t<\/div>\n\t\t\t\t<\/div>\n\t\t\t\t<\/div>\n\t\t<div class=\"elementor-element elementor-element-f3f46bb e-con-full e-flex e-con e-child\" data-id=\"f3f46bb\" data-element_type=\"container\">\n\t\t\t\t<div class=\"elementor-element elementor-element-900a436 elementor-widget elementor-widget-image\" data-id=\"900a436\" data-element_type=\"widget\" data-widget_type=\"image.default\">\n\t\t\t\t<div class=\"elementor-widget-container\">\n\t\t\t\t\t\t\t\t\t\t\t\t\t<img decoding=\"async\" width=\"1024\" height=\"339\" src=\"https:\/\/uanorte.edu.co\/web\/wp-content\/uploads\/2024\/10\/carrusel-derecho-5-e1727886049182-1024x339.png\" class=\"attachment-large size-large wp-image-6810\" alt=\"\" srcset=\"https:\/\/uanorte.edu.co\/web\/wp-content\/uploads\/2024\/10\/carrusel-derecho-5-e1727886049182-1024x339.png 1024w, https:\/\/uanorte.edu.co\/web\/wp-content\/uploads\/2024\/10\/carrusel-derecho-5-e1727886049182-300x99.png 300w, https:\/\/uanorte.edu.co\/web\/wp-content\/uploads\/2024\/10\/carrusel-derecho-5-e1727886049182-768x254.png 768w, https:\/\/uanorte.edu.co\/web\/wp-content\/uploads\/2024\/10\/carrusel-derecho-5-e1727886049182-1536x508.png 1536w, https:\/\/uanorte.edu.co\/web\/wp-content\/uploads\/2024\/10\/carrusel-derecho-5-e1727886049182.png 1569w\" sizes=\"(max-width: 1024px) 100vw, 1024px\" \/>\t\t\t\t\t\t\t\t\t\t\t\t\t<\/div>\n\t\t\t\t<\/div>\n\t\t\t\t<\/div>\n\t\t\t\t\t<\/div>\n\t\t\t\t<\/div>\n\t\t\t\t<\/div>\n\t\t","protected":false},"excerpt":{"rendered":"<p>Atenci\u00f3n Psicol\u00f3gica Bienestar Universitario. Desde el \u00e1rea de desarrollo humano asumimos la responsabilidad de generar espacios para promover la salud [&hellip;]<\/p>\n","protected":false},"author":2,"featured_media":0,"parent":0,"menu_order":0,"comment_status":"closed","ping_status":"closed","template":"elementor_header_footer","meta":{"_acf_changed":false,"_joinchat":[],"footnotes":""},"class_list":["post-6801","page","type-page","status-publish","hentry"],"acf":[],"_links":{"self":[{"href":"https:\/\/uanorte.edu.co\/web\/wp-json\/wp\/v2\/pages\/6801","targetHints":{"allow":["GET"]}}],"collection":[{"href":"https:\/\/uanorte.edu.co\/web\/wp-json\/wp\/v2\/pages"}],"about":[{"href":"https:\/\/uanorte.edu.co\/web\/wp-json\/wp\/v2\/types\/page"}],"author":[{"embeddable":true,"href":"https:\/\/uanorte.edu.co\/web\/wp-json\/wp\/v2\/users\/2"}],"replies":[{"embeddable":true,"href":"https:\/\/uanorte.edu.co\/web\/wp-json\/wp\/v2\/comments?post=6801"}],"version-history":[{"count":19,"href":"https:\/\/uanorte.edu.co\/web\/wp-json\/wp\/v2\/pages\/6801\/revisions"}],"predecessor-version":[{"id":6853,"href":"https:\/\/uanorte.edu.co\/web\/wp-json\/wp\/v2\/pages\/6801\/revisions\/6853"}],"wp:attachment":[{"href":"https:\/\/uanorte.edu.co\/web\/wp-json\/wp\/v2\/media?parent=6801"}],"curies":[{"name":"wp","href":"https:\/\/api.w.org\/{rel}","templated":true}]}}